{"id":901,"date":"2015-01-13T11:27:17","date_gmt":"2015-01-13T10:27:17","guid":{"rendered":"http:\/\/www.kop-pl.com\/?page_id=901"},"modified":"2024-09-12T10:48:49","modified_gmt":"2024-09-12T10:48:49","slug":"spotkania","status":"publish","type":"page","link":"https:\/\/www.kop-info.org\/?page_id=901","title":{"rendered":"Dzia\u0142ania"},"content":{"rendered":"<h4>Harmonogram spotka\u0144 przedstawicieli Prezydium KOP:<\/h4>\n<ul>\n<li>Spotkanie 22 marca, 12.00 \u2013 16.30, siedziba SWP w Warszawie<\/li>\n<\/ul>\n<p style=\"padding-left: 90px;\"><strong>Na spotkaniu obecni byli:<\/strong><\/p>\n<p style=\"padding-left: 90px;\">Prezydium KOP Jacek Jurkowski, J\u00f3zef Kwiatkowski, Marta Szutkowska-Kiszkiel<\/p>\n<p style=\"padding-left: 90px;\">Zarz\u0105d Krajowy \u00a0SWP Piotr Bonis\u0142awski, Marek R\u00f3\u017cycki, Krzysztof \u0141achma\u0144ski<\/p>\n<p style=\"padding-left: 90px;\">Prezes Longin Komo\u0142owski nie by\u0142 obecny ze wzgl\u0119d\u00f3w zdrowotnych.<\/p>\n<p style=\"padding-left: 90px;\"><strong>Omawiane sprawy:<\/strong><\/p>\n<p style=\"padding-left: 90px;\">&#8211; dotychczasowa dzia\u0142alno\u015b\u0107 KOP;<\/p>\n<p style=\"padding-left: 90px;\">&#8211; obszary, w kt\u00f3rych KOP oczekuje wsparcia i wsp\u00f3\u0142pracy SWP;<\/p>\n<p style=\"padding-left: 90px;\">&#8211; propozycje wsp\u00f3\u0142pracy ze strony SWP.<\/p>\n<p style=\"padding-left: 90px;\"><strong>Wst\u0119pnie wypracowany zosta\u0142 plan wsp\u00f3\u0142pracy na najbli\u017csze miesi\u0105ce:<\/strong><\/p>\n<p style=\"padding-left: 90px;\">&#8211; organizacja II Zjazdu Kongresu O\u015bwiaty Polonijnej;<\/p>\n<p style=\"padding-left: 90px;\">&#8211; pomoc SWP w zorganizowaniu spotka\u0144 z MSZ i MEN z przedstawicielami KOP oraz udzia\u0142u KOP w obradach komisji sejmowej;<\/p>\n<p style=\"padding-left: 90px;\">&#8211; pomoc w opracowaniu danych statystycznych dotycz\u0105cych szkolnictwa, kt\u00f3re maj\u0105 by\u0107 wsparciem merytorycznym w \u00a0rozmowach z rz\u0105dem;<\/p>\n<p style=\"padding-left: 60px;\">Przedstawiciele KOP spotkali si\u0119 z bardzo \u017cyczliwym przyj\u0119ciem. Spotkanie by\u0142o dobrze przygotowane. SWP traktuje KOP jako powa\u017cnego partnera, o czym \u015bwiadcz\u0105 z\u0142o\u017cone przez SWP konkretne propozycje wsparcia i wsp\u00f3\u0142pracy.\u00a0 Obie strony wyrazi\u0142y ch\u0119\u0107 wsp\u00f3\u0142pracy.<\/p>\n<ul>\n<li>Spotkanie 4\/7 wrze\u015bnia, Krak\u00f3w, w trakcie IV Kongresu Polskich Towarzystw Naukowych na Obczy\u017anie<\/li>\n<\/ul>\n<p>* w miar\u0119 mo\u017cliwo\u015bci strona b\u0119dzie aktualizowana<\/p>\n","protected":false},"excerpt":{"rendered":"<p>Harmonogram spotka\u0144 przedstawicieli Prezydium KOP: Spotkanie 22 marca, 12.00 \u2013 16.30, siedziba SWP w Warszawie Na spotkaniu obecni byli: Prezydium KOP Jacek Jurkowski, J\u00f3zef Kwiatkowski, Marta Szutkowska-Kiszkiel Zarz\u0105d Krajowy \u00a0SWP Piotr Bonis\u0142awski, Marek R\u00f3\u017cycki, Krzysztof \u0141achma\u0144ski Prezes Longin Komo\u0142owski nie by\u0142 obecny ze wzgl\u0119d\u00f3w zdrowotnych. Omawiane sprawy: &#8211; dotychczasowa dzia\u0142alno\u015b\u0107 KOP; &#8211; obszary, w kt\u00f3rych [&hellip;]<\/p>\n","protected":false},"author":1,"featured_media":0,"parent":0,"menu_order":3,"comment_status":"closed","ping_status":"open","template":"","meta":{"footnotes":""},"class_list":["post-901","page","type-page","status-publish","hentry"],"_links":{"self":[{"href":"https:\/\/www.kop-info.org\/index.php?rest_route=\/wp\/v2\/pages\/901"}],"collection":[{"href":"https:\/\/www.kop-info.org\/index.php?rest_route=\/wp\/v2\/pages"}],"about":[{"href":"https:\/\/www.kop-info.org\/index.php?rest_route=\/wp\/v2\/types\/page"}],"author":[{"embeddable":true,"href":"https:\/\/www.kop-info.org\/index.php?rest_route=\/wp\/v2\/users\/1"}],"replies":[{"embeddable":true,"href":"https:\/\/www.kop-info.org\/index.php?rest_route=%2Fwp%2Fv2%2Fcomments&post=901"}],"version-history":[{"count":1,"href":"https:\/\/www.kop-info.org\/index.php?rest_route=\/wp\/v2\/pages\/901\/revisions"}],"predecessor-version":[{"id":3486,"href":"https:\/\/www.kop-info.org\/index.php?rest_route=\/wp\/v2\/pages\/901\/revisions\/3486"}],"wp:attachment":[{"href":"https:\/\/www.kop-info.org\/index.php?rest_route=%2Fwp%2Fv2%2Fmedia&parent=901"}],"curies":[{"name":"wp","href":"https:\/\/api.w.org\/{rel}","templated":true}]}}