{"id":870,"date":"2014-10-29T18:51:41","date_gmt":"2014-10-29T17:51:41","guid":{"rendered":"http:\/\/www.kop-pl.com\/?page_id=870"},"modified":"2024-10-09T10:44:18","modified_gmt":"2024-10-09T10:44:18","slug":"organizacje","status":"publish","type":"page","link":"https:\/\/www.kop-info.org\/?page_id=870","title":{"rendered":"ORGANIZACJE"},"content":{"rendered":"\n<p><strong>Organizacje cz\u0142onkowskie<\/strong><\/p>\n\n\n\n<ol start=\"1\" class=\"wp-block-list\">\n<li>ANGLIA Szko\u0142a Przedmiot\u00f3w Ojczystych \u201cPolska Szko\u0142a Nauczania Przedmiot\u00f3w Ojczystych im. \u015bw. Stanis\u0142awa Kostki\u201d \u2013 W. Brytania<\/li>\n\n\n\n<li>ANGLIA Polska Macierz Szkolna &#8211; W. Brytania<\/li>\n\n\n\n<li>AUSTRALIA Federacja Polskich Organizacji w Wiktorii<\/li>\n\n\n\n<li>AUSTRALIA Komisja O\u015bwiatowa Polonii Australijskiej <\/li>\n\n\n\n<li>Argentyna: Stowarzyszenie Nueva Polonia<\/li>\n\n\n\n<li>BELGIA Polskie Centrum Kszta\u0142cenia im. Jana Paw\u0142a II<\/li>\n\n\n\n<li>BIA\u0141ORU\u015a Polska Macierz Szkolna na Bia\u0142orusi<\/li>\n\n\n\n<li>BIA\u0141ORU\u015a Zwi\u0105zku Polak\u00f3w na Bia\u0142orusi<\/li>\n\n\n\n<li>BRAZYLIA<strong> <\/strong>Braspol <\/li>\n\n\n\n<li>CZARNOG\u00d3RA Stowarzyszenie Polak\u00f3w w Czarnog\u00f3rze<\/li>\n\n\n\n<li>CZECH Polski Zwi\u0105zek Kulturalno O\u015bwiatowy<\/li>\n\n\n\n<li>CZECHY Towarzystwo Nauczycieli Polskich w Republice Czeskiej<\/li>\n\n\n\n<li>CZECHY Macierz Szkolna W Republice Czeskiej<\/li>\n\n\n\n<li>DANIA Towarzystwo Krzewienia O\u015bwiaty Polskiej w Danii im. Adama Sok\u00f3lskiego<\/li>\n\n\n\n<li>FRANCJA ECOLE NOVA POLSKA im. Stanis\u0142awa Leszczy\u0144skiego<\/li>\n\n\n\n<li>GRUZJA Polska Szko\u0142a im. \u015bw. Kr\u00f3lowej Jadwigi w Tbilisi<\/li>\n\n\n\n<li>HISZPANIA Hiszpa\u0144sko-Polskie Stowarzyszenie Kulturalne \u201cFORUM\u201d<\/li>\n\n\n\n<li>HOLANDIA Forum Polskich Szk\u00f3\u0142<\/li>\n\n\n\n<li>IRLANDIA Polska Macierz Szkolna<\/li>\n\n\n\n<li>IRLANDIA P\u00d3\u0141NOCNA Polska Szko\u0142a Sobotnia Ballymena<\/li>\n\n\n\n<li>KANADA Zwi\u0105zek Nauczycielstwa Polskiego w Kanadzie<\/li>\n\n\n\n<li>KANADA Zwi\u0105zek Polak\u00f3w w Kanadzie<\/li>\n\n\n\n<li>KATAR Szko\u0142a Polska w Katarze im. Witolda Pileckiego<\/li>\n\n\n\n<li>KAZACHSTAN Zwi\u0105zek Polak\u00f3w Kazachstanu<\/li>\n\n\n\n<li>LITWA Stowarzyszenie Nauczycieli Szk\u00f3\u0142 Polskich na Litwie \u201eMacierz Szkolna\u201d<\/li>\n\n\n\n<li>LITWA Forum Rodzic\u00f3w Szk\u00f3\u0142 Polskich na Litwie<\/li>\n\n\n\n<li>\u0141OTWA Pa\u0144stwowe Gimnazjum Polskie im. J. Pi\u0142sudskiego w Daugavpils<\/li>\n\n\n\n<li>NIEMCY \u201cChrze\u015bcija\u0144skie Centrum Krzewienia Kultury, Tradycji i J\u0119zyka Polskiego &nbsp;Niemczech e.v.:\u201d<\/li>\n\n\n\n<li>NIEMCY Zwi\u0105zek Nauczycieli J\u0119zyka Polskiego i Pedagog\u00f3w w Niemczech<\/li>\n\n\n\n<li>NIEMCY Polska Macierz Szkolna w Niemczech t.z.<\/li>\n\n\n\n<li>NIEMCY Polskie Towarzystwo Szkolne \u201eO\u015bwiata\u201d T.z. w Berlinie \u2013 Niemcy<\/li>\n\n\n\n<li>NIEMCY Polska Rada w Berlinie Zwi\u0105zek Krajowy,<\/li>\n\n\n\n<li>Polsko-Niemiecka Szko\u0142a Europejska\u201d \u2013 Niemcy<\/li>\n\n\n\n<li>NIEMCY Zwi\u0105zek Polak\u00f3w w Niemczech \u201cRod\u0142o\u201d<\/li>\n\n\n\n<li>NORWEGIA Polska Szko\u0142a Sobotnia im. B\u0142. Jana Paw\u0142a II, Polsk L\u00f8rdagsskole<\/li>\n\n\n\n<li>NUOP Nordycka Unia O\u015bwiaty Polonijnej \u2013 Dania<\/li>\n\n\n\n<li>ROSJA Kongres Polak\u00f3w w Rosji, Komisja O\u015bwiaty<\/li>\n\n\n\n<li>ROSJA Polskie Centrum Narodowo-Kulturalnego \u201eJedno\u015b\u0107\u201d.<\/li>\n\n\n\n<li>SZWECJA Zwi\u0105zek Nauczycieli Polskich w Szwecji<\/li>\n\n\n\n<li>SZWECJA Europejska Unia Wsp\u00f3lnot Polonijnych, Komisja O\u015bwiaty<\/li>\n\n\n\n<li>SZWAJCARIA Polska Szko\u0142a im. I.J. Paderewskiego w Bazylei<\/li>\n\n\n\n<li>USA Centrala Polskich Szk\u00f3\u0142 Dokszta\u0142caj\u0105cych<\/li>\n\n\n\n<li>USA Zrzeszenie Nauczycieli Polskich w Ameryce<\/li>\n\n\n\n<li>USA Kongres Polonii Amryka\u0144skiej<\/li>\n\n\n\n<li>USA Academic Quality Coucil<\/li>\n\n\n\n<li>USA Polska Szko\u0142a im. Jana Matejki<\/li>\n\n\n\n<li>USA Akademia J\u0119zyka Polskiego w Manchester<\/li>\n\n\n\n<li>USA Dyrektor CPSD Gniazda 946 Soko\u0142\u00f3w w Bound Brook<\/li>\n\n\n\n<li>USA Polska Szko\u0142a im. Czes\u0142awa Mi\u0142osza<\/li>\n\n\n\n<li>UKRAINA Chmielnicki Oddzia\u0142 Zwi\u0105zku Nauczycieli Polskich Ukrainy<\/li>\n\n\n\n<li>UKRAINA \u017bytomierski Obwodowy Zwi\u0105zek Polak\u00f3w na Ukrainie<\/li>\n\n\n\n<li>UKRAINA Zwi\u0105zek Polak\u00f3w na Ukrainie oddzia\u0142 w Netiszynie<\/li>\n\n\n\n<li>UKRAINA KOC im. J. S\u0142owackiego Chmielnicki<\/li>\n\n\n\n<li>W\u0118GRY Og\u00f3lnokrajowa Szko\u0142a Polska na W\u0119grzech<\/li>\n\n\n\n<li>W\u0141OCHY Iter. Inst. Polish Culture Padowa<\/li>\n<\/ol>\n","protected":false},"excerpt":{"rendered":"<p>Organizacje cz\u0142onkowskie<\/p>\n","protected":false},"author":1,"featured_media":0,"parent":0,"menu_order":0,"comment_status":"closed","ping_status":"open","template":"","meta":{"footnotes":""},"class_list":["post-870","page","type-page","status-publish","hentry"],"_links":{"self":[{"href":"https:\/\/www.kop-info.org\/index.php?rest_route=\/wp\/v2\/pages\/870"}],"collection":[{"href":"https:\/\/www.kop-info.org\/index.php?rest_route=\/wp\/v2\/pages"}],"about":[{"href":"https:\/\/www.kop-info.org\/index.php?rest_route=\/wp\/v2\/types\/page"}],"author":[{"embeddable":true,"href":"https:\/\/www.kop-info.org\/index.php?rest_route=\/wp\/v2\/users\/1"}],"replies":[{"embeddable":true,"href":"https:\/\/www.kop-info.org\/index.php?rest_route=%2Fwp%2Fv2%2Fcomments&post=870"}],"version-history":[{"count":3,"href":"https:\/\/www.kop-info.org\/index.php?rest_route=\/wp\/v2\/pages\/870\/revisions"}],"predecessor-version":[{"id":3635,"href":"https:\/\/www.kop-info.org\/index.php?rest_route=\/wp\/v2\/pages\/870\/revisions\/3635"}],"wp:attachment":[{"href":"https:\/\/www.kop-info.org\/index.php?rest_route=%2Fwp%2Fv2%2Fmedia&parent=870"}],"curies":[{"name":"wp","href":"https:\/\/api.w.org\/{rel}","templated":true}]}}