{"id":3489,"date":"2024-09-12T10:54:33","date_gmt":"2024-09-12T10:54:33","guid":{"rendered":"https:\/\/www.kop-info.org\/?page_id=3489"},"modified":"2025-07-11T10:11:35","modified_gmt":"2025-07-11T10:11:35","slug":"o-nas","status":"publish","type":"page","link":"https:\/\/www.kop-info.org\/?page_id=3489","title":{"rendered":"O NAS"},"content":{"rendered":"\n<p><strong>Kongres O\u015bwiaty Polonijnej&nbsp;<\/strong>to samorz\u0105dna organizacja przedstawicieli o\u015bwiatowych \u015brodowisk polonijnych i polskich poza granicami kraju. Pomys\u0142 i za\u0142o\u017cenie KOP zainicjowa\u0142a grupa dzia\u0142aczy o\u015bwiatowych dnia 26 marca 2011 roku.&nbsp;Grupa inicjator\u00f3w przygotowa\u0142a Pierwszy Zjazd KOP przy wsparciu finansowym&nbsp;<a href=\"http:\/\/wspolnotapolska.org.pl\/\">Stowarzyszenia &#8222;Wsp\u00f3lnota Polska<\/a>&#8221; oraz Senatu RP.<\/p>\n\n\n\n<p><strong>Kongres O\u015bwiaty Polonijnej<\/strong> \u2013 \u015bwiatowa organizacja, siedzib\u0105 organizacji jest kraj rezydencji jej Prezesa, a adresem dla korespondencji jest adres jego biura; obecnie KOP zrzesza 55 organizacje cz\u0142onkowskie z 31 kraj\u00f3w \u015bwiata.<\/p>\n\n\n\n<ul class=\"wp-block-list\">\n<li><strong>Celem Kongresu jest:<\/strong><\/li>\n\n\n\n<li>dba\u0142o\u015b\u0107 o zapewnienie o\u015bwiacie polonijnej i polskiej poza granicami kraju nale\u017cnych jej praw, statusu i \u015brodk\u00f3w; <\/li>\n\n\n\n<li>integracja i wzmocnienie ruchu o\u015bwiatowego Polonii i Polak\u00f3w poza granicami kraju;<\/li>\n\n\n\n<li>troska o zachowanie przez m\u0142ode pokolenia Polak\u00f3w poza granicami kraju j\u0119zyka polskiego oraz narodowego dziedzictwa kulturowego i historycznego;<\/li>\n\n\n\n<li>rozwijanie poczucia wsp\u00f3lnego dobra i wi\u0119zi narodowej Polak\u00f3w poza jego granicami z macierz\u0105;<\/li>\n\n\n\n<li>dba\u0142o\u015b\u0107 o dobre imi\u0119 Polski i narodu polskiego przy poszanowaniu innych kultur i narod\u00f3w.<\/li>\n<\/ul>\n\n\n\n<p><strong>V Kongres O\u015bwiaty Polonijnej odby\u0142 si\u0119 2 lipca 2023 r.<\/strong> <\/p>\n\n\n\n<p>K<strong>adencja 2023-2027<\/strong><\/p>\n\n\n\n<ol class=\"wp-block-list\">\n<li><strong>Wiktoria Laskowska<\/strong> \u2013 prezes  Kongresu O\u015bwiaty Polonijnej (prezes \u017bytomierskiego Obwodowego Zwi\u0105zku Polak\u00f3w na Ukrainie);<\/li>\n\n\n\n<li><strong>Elzbieta Barrass<\/strong> \u2013 wiceprezes (prezes Polskiej Macierzy Szkolnej w Wielkiej Brytanii);<\/li>\n\n\n\n<li><strong>Witalij Chmielewski<\/strong> \u2013 wiceprezes (prezes Zwi\u0105zku Polak\u00f3w w Kazachstanie);<\/li>\n\n\n\n<li><strong>Teresa Arszagi vel Harszagi<\/strong> \u2013 cz\u0142onek Zarz\u0105du (prezes Polskiego Centrum Kszta\u0142cenia im. Jana Paw\u0142a II w Belgii);<\/li>\n\n\n\n<li><strong>Kristina Dzer\u017cynska<\/strong> \u2013 cz\u0142onek Zarz\u0105du (prezes Polskiej Macierzy Szkolnej na Litwie)<\/li>\n\n\n\n<li><strong>Aleksander Sielicki<\/strong> \u2013 cz\u0142onek Zarz\u0105du (prezes Polskiego Centrum Narodowo-Kulturalnego \u201eJedno\u015b\u0107\u201d.<\/li>\n<\/ol>\n\n\n\n<p><strong><u>Komisja rewizyjna w sk\u0142adzie:<\/u><\/strong><\/p>\n\n\n\n<ol class=\"wp-block-list\">\n<li><strong>Teresa Szramek<\/strong> (prezes Zwi\u0105zku Polak\u00f3w w Kanadzie);<\/li>\n\n\n\n<li><strong style=\"color: initial;\">Wanda Szatkowska<\/strong><span style=\"color: initial;\"> (prezes Zwi\u0105zek Polak\u00f3w na Ukrainie oddzia\u0142 w Netiszynie)<\/span><\/li>\n\n\n\n<li><strong>Ewa Piacientile<\/strong> (Prezes International Institute of Polish Culture in Padua).<\/li>\n<\/ol>\n\n\n\n<p><strong>Kadencja 2008-2013<\/strong><\/p>\n\n\n\n<p><strong>Prezydium&nbsp;Kongresu O\u015bwiaty Polonijnej&nbsp;<\/strong><\/p>\n\n\n\n<ul class=\"wp-block-list\">\n<li>1. Prezydent: dr Jolanta Tatara \u2013 USA<\/li>\n\n\n\n<li>2. Wiceprezydent: Tomasz Karawajczyk \u2013 Niemcy<\/li>\n\n\n\n<li>3. Wiceprezydent: Anna Dunajewski \u2013 USA<\/li>\n\n\n\n<li>4. Wiceprezydent: Miros\u0142aw Szejbak \u2013 Litwa<\/li>\n\n\n\n<li>5. Sekretarz: Iwona Malinowski \u2013 Kanada<\/li>\n\n\n\n<li><strong>Rada Naczelna:<\/strong><\/li>\n\n\n\n<li>1. Bo\u017cena Iwanowski \u2013 Australia<\/li>\n\n\n\n<li>2. Andrzej Russ \u2013 Czechy<\/li>\n\n\n\n<li>3. Teresa Arszagi vel Harszagi \u2013 Belgia<\/li>\n\n\n\n<li>4. Stanis\u0142aw Sienkiewicz \u2013 Bia\u0142oru\u015b<\/li>\n\n\n\n<li>5. Danuta Lemoyne \u2013 Francja<\/li>\n\n\n\n<li>6. Nina Demetradze \u2013 Gruzja<\/li>\n\n\n\n<li>7. Marta Szutkowska-Kiszkiel \u2013 Irlandia<\/li>\n\n\n\n<li>8. Jaros\u0142aw Narkiewicz \u2013 Litwa<\/li>\n\n\n\n<li>9. Gertruda Grawe \u2013 \u0141otwa<\/li>\n\n\n\n<li>10. Halina Koblenzer \u2013 Niemcy<\/li>\n\n\n\n<li>11. Ma\u0142gorzata Tuszy\u0144ska \u2013 Niemcy<\/li>\n\n\n\n<li>12. dr Maria Ma\u0142asznicka Miedzianog\u00f3ra \u2013<\/li>\n\n\n\n<li>Nordycka Unia O\u015bwiaty Polonijnej<\/li>\n\n\n\n<li>13. Hanna Sand \u2013 Norwegia<\/li>\n\n\n\n<li>14. Halina Romanowa \u2013 Rosja<\/li>\n\n\n\n<li>15. dr Dorota Andraka \u2013 USA<\/li>\n\n\n\n<li>16. Lucyna Lis \u2013 USA<\/li>\n\n\n\n<li>17. Ma\u0142gorzata Zaj\u0105czkowska \u2013 Wielka Brytania<\/li>\n\n\n\n<li>18. Jacek Jurkowski \u2013 Szwecja<\/li>\n\n\n\n<li>19. Ewa Ronay \u2013 W\u0119gry<\/li>\n\n\n\n<li>20. Beata Katarzyna Grzech \u2013 Hiszpania<\/li>\n\n\n\n<li>21. dr Jola Tatara \u2013 (Prezydium)<\/li>\n\n\n\n<li>22. Tomasz Karawajczyk \u2013 (Prezydium)<\/li>\n\n\n\n<li>23. Anna Dunajewski \u2013 (Prezydium)<\/li>\n\n\n\n<li>24. Miros\u0142aw Szejbak \u2013 (Prezydium)<\/li>\n\n\n\n<li>25. Iwona Malinowski \u2013 (Prezydium)<\/li>\n\n\n\n<li>26. Agnieszka Zaj\u0105c \u2013 (Prezydium)<\/li>\n\n\n\n<li><strong>Komisja Rewizyjna<\/strong><strong>:<\/strong><\/li>\n\n\n\n<li>1. Renata Kaczmarek \u2013 Niemcy Przewodnicz\u0105ca<\/li>\n\n\n\n<li>2. \u017baneta Brudzi\u0144ska \u2013 Wielka Brytania<\/li>\n\n\n\n<li>3. Agnieszka Lonska \u2013 Holandia<\/li>\n<\/ul>\n\n\n\n<p><strong>Organizacje cz\u0142onkowskie<\/strong><\/p>\n\n\n\n<ol start=\"1\" class=\"wp-block-list\">\n<li>ANGLIA Szko\u0142a Przedmiot\u00f3w Ojczystych \u201cPolska Szko\u0142a Nauczania Przedmiot\u00f3w Ojczystych im. \u015bw. Stanis\u0142awa Kostki\u201d \u2013 W. Brytania<\/li>\n\n\n\n<li>ANGLIA Polska Macierz Szkolna &#8211; W. Brytania<\/li>\n\n\n\n<li>AUSTRALIA Federacja Polskich Organizacji w Wiktorii<\/li>\n\n\n\n<li>AUSTRALIA Komisja O\u015bwiatowa Polonii Australijskiej <\/li>\n\n\n\n<li>Argentyna: Stowarzyszenie Nueva Polonia<\/li>\n\n\n\n<li>BELGIA Polskie Centrum Kszta\u0142cenia im. Jana Paw\u0142a II<\/li>\n\n\n\n<li>BIA\u0141ORU\u015a Polska Macierz Szkolna na Bia\u0142orusi<\/li>\n\n\n\n<li>BIA\u0141ORU\u015a Zwi\u0105zku Polak\u00f3w na Bia\u0142orusi<\/li>\n\n\n\n<li>BRAZYLIA<strong> <\/strong>Braspol <\/li>\n\n\n\n<li>CZARNOG\u00d3RA Stowarzyszenie Polak\u00f3w w Czarnog\u00f3rze<\/li>\n\n\n\n<li>CZECH Polski Zwi\u0105zek Kulturalno O\u015bwiatowy<\/li>\n\n\n\n<li>CZECHY Towarzystwo Nauczycieli Polskich w Republice Czeskiej<\/li>\n\n\n\n<li>CZECHY Macierz Szkolna W Republice Czeskiej<\/li>\n\n\n\n<li>DANIA Towarzystwo Krzewienia O\u015bwiaty Polskiej w Danii im. Adama Sok\u00f3lskiego<\/li>\n\n\n\n<li>FRANCJA ECOLE NOVA POLSKA im. Stanis\u0142awa Leszczy\u0144skiego<\/li>\n\n\n\n<li>GRUZJA Polska Szko\u0142a im. \u015bw. Kr\u00f3lowej Jadwigi w Tbilisi<\/li>\n\n\n\n<li>HISZPANIA Hiszpa\u0144sko-Polskie Stowarzyszenie Kulturalne \u201cFORUM\u201d<\/li>\n\n\n\n<li>HOLANDIA Forum Polskich Szk\u00f3\u0142<\/li>\n\n\n\n<li>IRLANDIA Polska Macierz Szkolna<\/li>\n\n\n\n<li>IRLANDIA P\u00d3\u0141NOCNA Polska Szko\u0142a Sobotnia Ballymena<\/li>\n\n\n\n<li>KANADA Zwi\u0105zek Nauczycielstwa Polskiego w Kanadzie<\/li>\n\n\n\n<li>KANADA Zwi\u0105zek Polak\u00f3w w Kanadzie<\/li>\n\n\n\n<li>KATAR Szko\u0142a Polska w Katarze im. Witolda Pileckiego<\/li>\n\n\n\n<li>KAZACHSTAN Zwi\u0105zek Polak\u00f3w Kazachstanu<\/li>\n\n\n\n<li>LITWA Stowarzyszenie Nauczycieli Szk\u00f3\u0142 Polskich na Litwie \u201eMacierz Szkolna\u201d<\/li>\n\n\n\n<li>LITWA Forum Rodzic\u00f3w Szk\u00f3\u0142 Polskich na Litwie<\/li>\n\n\n\n<li>\u0141OTWA Pa\u0144stwowe Gimnazjum Polskie im. J. Pi\u0142sudskiego w Daugavpils<\/li>\n\n\n\n<li>NIEMCY \u201cChrze\u015bcija\u0144skie Centrum Krzewienia Kultury, Tradycji i J\u0119zyka Polskiego &nbsp;Niemczech e.v.:\u201d<\/li>\n\n\n\n<li>NIEMCY Zwi\u0105zek Nauczycieli J\u0119zyka Polskiego i Pedagog\u00f3w w Niemczech<\/li>\n\n\n\n<li>NIEMCY Polska Macierz Szkolna w Niemczech t.z.<\/li>\n\n\n\n<li>NIEMCY Polskie Towarzystwo Szkolne \u201eO\u015bwiata\u201d T.z. w Berlinie \u2013 Niemcy<\/li>\n\n\n\n<li>NIEMCY Polska Rada w Berlinie Zwi\u0105zek Krajowy,<\/li>\n\n\n\n<li>Polsko-Niemiecka Szko\u0142a Europejska\u201d \u2013 Niemcy<\/li>\n\n\n\n<li>NIEMCY Zwi\u0105zek Polak\u00f3w w Niemczech \u201cRod\u0142o\u201d<\/li>\n\n\n\n<li>NORWEGIA Polska Szko\u0142a Sobotnia im. B\u0142. Jana Paw\u0142a II, Polsk L\u00f8rdagsskole<\/li>\n\n\n\n<li>NUOP Nordycka Unia O\u015bwiaty Polonijnej \u2013 Dania<\/li>\n\n\n\n<li>ROSJA Kongres Polak\u00f3w w Rosji, Komisja O\u015bwiaty<\/li>\n\n\n\n<li>ROSJA Polskie Centrum Narodowo-Kulturalnego \u201eJedno\u015b\u0107\u201d.<\/li>\n\n\n\n<li>SZWECJA Zwi\u0105zek Nauczycieli Polskich w Szwecji<\/li>\n\n\n\n<li>SZWECJA Europejska Unia Wsp\u00f3lnot Polonijnych, Komisja O\u015bwiaty<\/li>\n\n\n\n<li>SZWAJCARIA Polska Szko\u0142a im. I.J. Paderewskiego w Bazylei<\/li>\n\n\n\n<li>USA Centrala Polskich Szk\u00f3\u0142 Dokszta\u0142caj\u0105cych<\/li>\n\n\n\n<li>USA Zrzeszenie Nauczycieli Polskich w Ameryce<\/li>\n\n\n\n<li>USA Kongres Polonii Amryka\u0144skiej<\/li>\n\n\n\n<li>USA Academic Quality Coucil<\/li>\n\n\n\n<li>USA Polska Szko\u0142a im. Jana Matejki<\/li>\n\n\n\n<li>USA Akademia J\u0119zyka Polskiego w Manchester<\/li>\n\n\n\n<li>USA Dyrektor CPSD Gniazda 946 Soko\u0142\u00f3w w Bound Brook<\/li>\n\n\n\n<li>USA Polska Szko\u0142a im. Czes\u0142awa Mi\u0142osza<\/li>\n\n\n\n<li>UKRAINA Chmielnicki Oddzia\u0142 Zwi\u0105zku Nauczycieli Polskich Ukrainy<\/li>\n\n\n\n<li>UKRAINA \u017bytomierski Obwodowy Zwi\u0105zek Polak\u00f3w na Ukrainie<\/li>\n\n\n\n<li>UKRAINA Zwi\u0105zek Polak\u00f3w na Ukrainie oddzia\u0142 w Netiszynie<\/li>\n\n\n\n<li>UKRAINA KOC im. J. S\u0142owackiego Chmielnicki<\/li>\n\n\n\n<li>W\u0118GRY Og\u00f3lnokrajowa Szko\u0142a Polska na W\u0119grzech<\/li>\n\n\n\n<li>W\u0141OCHY Iter. Inst. Polish Culture Padowa<\/li>\n<\/ol>\n","protected":false},"excerpt":{"rendered":"<p>Kongres O\u015bwiaty Polonijnej&nbsp;to samorz\u0105dna organizacja przedstawicieli o\u015bwiatowych \u015brodowisk polonijnych i polskich poza granicami kraju. Pomys\u0142 i za\u0142o\u017cenie KOP zainicjowa\u0142a grupa dzia\u0142aczy o\u015bwiatowych dnia 26 marca 2011 roku.&nbsp;Grupa inicjator\u00f3w przygotowa\u0142a Pierwszy Zjazd KOP przy wsparciu finansowym&nbsp;Stowarzyszenia &#8222;Wsp\u00f3lnota Polska&#8221; oraz Senatu RP. Kongres O\u015bwiaty Polonijnej \u2013 \u015bwiatowa organizacja, siedzib\u0105 organizacji jest kraj rezydencji jej Prezesa, a adresem [&hellip;]<\/p>\n","protected":false},"author":1,"featured_media":0,"parent":0,"menu_order":0,"comment_status":"closed","ping_status":"closed","template":"","meta":{"footnotes":""},"class_list":["post-3489","page","type-page","status-publish","hentry"],"_links":{"self":[{"href":"https:\/\/www.kop-info.org\/index.php?rest_route=\/wp\/v2\/pages\/3489"}],"collection":[{"href":"https:\/\/www.kop-info.org\/index.php?rest_route=\/wp\/v2\/pages"}],"about":[{"href":"https:\/\/www.kop-info.org\/index.php?rest_route=\/wp\/v2\/types\/page"}],"author":[{"embeddable":true,"href":"https:\/\/www.kop-info.org\/index.php?rest_route=\/wp\/v2\/users\/1"}],"replies":[{"embeddable":true,"href":"https:\/\/www.kop-info.org\/index.php?rest_route=%2Fwp%2Fv2%2Fcomments&post=3489"}],"version-history":[{"count":17,"href":"https:\/\/www.kop-info.org\/index.php?rest_route=\/wp\/v2\/pages\/3489\/revisions"}],"predecessor-version":[{"id":3920,"href":"https:\/\/www.kop-info.org\/index.php?rest_route=\/wp\/v2\/pages\/3489\/revisions\/3920"}],"wp:attachment":[{"href":"https:\/\/www.kop-info.org\/index.php?rest_route=%2Fwp%2Fv2%2Fmedia&parent=3489"}],"curies":[{"name":"wp","href":"https:\/\/api.w.org\/{rel}","templated":true}]}}