{"id":2925,"date":"2021-02-27T11:48:42","date_gmt":"2021-02-27T10:48:42","guid":{"rendered":"https:\/\/www.kop-pl.com\/?page_id=2925"},"modified":"2025-06-16T12:47:54","modified_gmt":"2025-06-16T12:47:54","slug":"kop-news","status":"publish","type":"page","link":"https:\/\/www.kop-info.org\/?page_id=2925","title":{"rendered":"KOP NEWS"},"content":{"rendered":"\n<p>Drogie Kole\u017canki i Drodzy Koledzy!<\/p>\n\n\n\n<p>Odpowiadaj\u0105c na rosn\u0105ce zainteresowanie polonijnych \u015brodowisk o\u015bwiatowych wzajemn\u0105 wsp\u00f3\u0142prac\u0105 i wymian\u0105 do\u015bwiadcze\u0144, otwieramy jako Kongres O\u015bwiaty Polonijnej stron\u0119, na kt\u00f3rej b\u0119dzie mo\u017cna znale\u017a\u0107 materia\u0142y na temat kondycji o\u015bwiaty polonijnej w \u015bwiecie. Od pewnego czasu w naszym \u015brodowisku narasta niepok\u00f3j o kierunek, w jakim zmierza szkolnictwo poza granicami Polski. Obawy wyra\u017cane s\u0105 do\u015b\u0107 powszechnie w rozmowach prywatnych, w kuluarach konferencji naukowych, a tak\u017ce, cho\u0107 rzadziej, w debacie publicznej.&nbsp;<\/p>\n\n\n\n<p>Istniej\u0105 dwa powody pojawienia si\u0119 &#8222;KOP NEWS&#8221;. Po pierwsze, chodzi o u\u015bwiadamianie Polakom mieszkaj\u0105cym w kraju, jak wielkie skarby naszej historii i kultury znajduj\u0105 si\u0119 pod opiek\u0105 organizacji Polak\u00f3w za granic\u0105, szkolnictwa polonijnego i polskiego poza granicami Polski. Ponadto konieczne jest informowanie, jakiej pomocy ze strony Rzeczypospolitej dla skutecznych dzia\u0142a\u0144 o\u015bwiaty polonijnej w \u015bwiecie potrzebujemy. A to istotna sprawa, by sobie u\u015bwiadomi\u0107, jak wa\u017cn\u0105 rol\u0119 odgrywaj\u0105 polonijne i polskie szko\u0142y poza granicami Polski &#8211;&nbsp; rozproszone po ca\u0142ym \u015bwiecie &#8211; oraz jak fundamentalne jest dalekowzroczne, kompleksowe i planowe ich wspieranie &#8211; dla zachowania naszego dziedzictwa.<\/p>\n\n\n\n<p>Po drugie, wa\u017cne jest, aby tematyka o\u015bwiaty polonijnej na sta\u0142e wpisa\u0142a si\u0119 dyskurs \u015brodowisk akademickich, a holistyczne podej\u015bcie podejmowanych bada\u0144 czy oferty szkoleniowej wychodzi\u0142o naprzeciw zdiagnozowanym potrzebom zar\u00f3wno \u015brodowisk nauczycieli i pedagog\u00f3w, jak i szk\u00f3\u0142 oraz organizacji o\u015bwiatowych.&nbsp;<\/p>\n\n\n\n<p>&#8222;KOP NEWS&#8221; zosta\u0142 pomy\u015blany jako periodyk, kt\u00f3ry wa\u017cne g\u0142osy i&nbsp; informacje b\u0119dzie zbiera\u0107 i udost\u0119pnia\u0107 Czytelnikom w pigu\u0142ce na \u201eKOP NEWS\u201d, a &#8211; w pe\u0142nej ods\u0142onie &#8211; na stronie naszego Stowarzyszenia www.kop-info.org.&nbsp;<\/p>\n\n\n\n<p>Jeste\u015bmy otwarci na jak najszersze spektrum tematyczne w odniesieniu do problematyki o\u015bwiaty polonijnej.&nbsp;<\/p>\n\n\n\n<p>Pierwsze wydanie &#8222;KOP NEWS&#8221; zawiera wyniki bada\u0144 ankietowych, przeprowadzonych przez Zarz\u0105d Kongresu O\u015bwiaty Polonijnej na prze\u0142omie listopada i grudnia 2020 roku oraz ustalenia, w jaki spos\u00f3b realizowano nauk\u0119 podczas pandemii w szko\u0142ach polonijnych na ca\u0142ym \u015bwiecie.<\/p>\n\n\n\n<p>Zapraszamy do lektury tego numeru,<\/p>\n\n\n\n<p>Zarz\u0105d Kongresu O\u015bwiaty Polonijnej<\/p>\n","protected":false},"excerpt":{"rendered":"<p>Drogie Kole\u017canki i Drodzy Koledzy! Odpowiadaj\u0105c na rosn\u0105ce zainteresowanie polonijnych \u015brodowisk o\u015bwiatowych wzajemn\u0105 wsp\u00f3\u0142prac\u0105 i wymian\u0105 do\u015bwiadcze\u0144, otwieramy jako Kongres O\u015bwiaty Polonijnej stron\u0119, na kt\u00f3rej b\u0119dzie mo\u017cna znale\u017a\u0107 materia\u0142y na temat kondycji o\u015bwiaty polonijnej w \u015bwiecie. Od pewnego czasu w naszym \u015brodowisku narasta niepok\u00f3j o kierunek, w jakim zmierza szkolnictwo poza granicami Polski. Obawy wyra\u017cane [&hellip;]<\/p>\n","protected":false},"author":1,"featured_media":0,"parent":0,"menu_order":0,"comment_status":"closed","ping_status":"closed","template":"templates\/template-page-with-intro.php","meta":{"footnotes":""},"class_list":["post-2925","page","type-page","status-publish","hentry"],"_links":{"self":[{"href":"https:\/\/www.kop-info.org\/index.php?rest_route=\/wp\/v2\/pages\/2925"}],"collection":[{"href":"https:\/\/www.kop-info.org\/index.php?rest_route=\/wp\/v2\/pages"}],"about":[{"href":"https:\/\/www.kop-info.org\/index.php?rest_route=\/wp\/v2\/types\/page"}],"author":[{"embeddable":true,"href":"https:\/\/www.kop-info.org\/index.php?rest_route=\/wp\/v2\/users\/1"}],"replies":[{"embeddable":true,"href":"https:\/\/www.kop-info.org\/index.php?rest_route=%2Fwp%2Fv2%2Fcomments&post=2925"}],"version-history":[{"count":2,"href":"https:\/\/www.kop-info.org\/index.php?rest_route=\/wp\/v2\/pages\/2925\/revisions"}],"predecessor-version":[{"id":3877,"href":"https:\/\/www.kop-info.org\/index.php?rest_route=\/wp\/v2\/pages\/2925\/revisions\/3877"}],"wp:attachment":[{"href":"https:\/\/www.kop-info.org\/index.php?rest_route=%2Fwp%2Fv2%2Fmedia&parent=2925"}],"curies":[{"name":"wp","href":"https:\/\/api.w.org\/{rel}","templated":true}]}}