{"id":21,"date":"2012-02-05T22:37:42","date_gmt":"2012-02-05T21:37:42","guid":{"rendered":"http:\/\/www.kop-pl.com\/?page_id=21"},"modified":"2025-06-16T12:43:06","modified_gmt":"2025-06-16T12:43:06","slug":"prezes-kopgmail-com","status":"publish","type":"page","link":"https:\/\/www.kop-info.org\/?page_id=21","title":{"rendered":"KONTAKT"},"content":{"rendered":"\n<p>Kongres O\u015bwiaty\u00a0Polonijnej<\/p>\n\n\n\n<p>Prezes Wiktoria&nbsp;Laskowska <\/p>\n\n\n\n<p>Biuro: ul. Teatralna 17\/20, 10014 \u017bytomierz, Ukraina<\/p>\n\n\n\n<p><strong>e-mail prezes.kop@gmail.com, tel. +38 097 199 83 08 (Viber, WhatsApp) <\/strong><\/p>\n\n\n\n<p><strong> <a href=\"https:\/\/www.kop-info.org\/\" target=\"_blank\" rel=\"noreferrer noopener\">www.kop-info.org<\/a><\/strong><\/p>\n\n\n\n<p>Wiceprezes El\u017cbieta Barrass, prezes Polskiej Macierzy Szkolnej w Wielkiej Brytanii.<\/p>\n\n\n\n<p>Wiceprezes&nbsp;Witalij Chmielewski, Zwi\u0105zek Polak\u00f3w w Kazachstanie.<\/p>\n\n\n\n<p>Cz\u0142onek Zarz\u0105du&nbsp; Teresa Arszagi vel Harszagi, dyrektor Polskiego Centrum Kszta\u0142cenia im. \u015bw. Jana Paw\u0142a II w Belgii.<\/p>\n\n\n\n<p>Cz\u0142onek Zarz\u0105du&nbsp;Krystyna Dzier\u017cy\u0144ska, prezes Stowarzyszenia Nauczycieli Szk\u00f3\u0142 Polskich na Litwie \u201eMacierz Szkolna\u201d.<\/p>\n\n\n\n<p>Cz\u0142onek Zarz\u0105du Aleksander Sielicki.<\/p>\n","protected":false},"excerpt":{"rendered":"<p>Kongres O\u015bwiaty\u00a0Polonijnej Prezes Wiktoria&nbsp;Laskowska Biuro: ul. Teatralna 17\/20, 10014 \u017bytomierz, Ukraina e-mail prezes.kop@gmail.com, tel. +38 097 199 83 08 (Viber, WhatsApp) www.kop-info.org Wiceprezes El\u017cbieta Barrass, prezes Polskiej Macierzy Szkolnej w Wielkiej Brytanii. Wiceprezes&nbsp;Witalij Chmielewski, Zwi\u0105zek Polak\u00f3w w Kazachstanie. Cz\u0142onek Zarz\u0105du&nbsp; Teresa Arszagi vel Harszagi, dyrektor Polskiego Centrum Kszta\u0142cenia im. \u015bw. Jana Paw\u0142a II w Belgii. [&hellip;]<\/p>\n","protected":false},"author":1,"featured_media":0,"parent":0,"menu_order":4,"comment_status":"closed","ping_status":"open","template":"","meta":{"footnotes":""},"class_list":["post-21","page","type-page","status-publish","hentry"],"_links":{"self":[{"href":"https:\/\/www.kop-info.org\/index.php?rest_route=\/wp\/v2\/pages\/21"}],"collection":[{"href":"https:\/\/www.kop-info.org\/index.php?rest_route=\/wp\/v2\/pages"}],"about":[{"href":"https:\/\/www.kop-info.org\/index.php?rest_route=\/wp\/v2\/types\/page"}],"author":[{"embeddable":true,"href":"https:\/\/www.kop-info.org\/index.php?rest_route=\/wp\/v2\/users\/1"}],"replies":[{"embeddable":true,"href":"https:\/\/www.kop-info.org\/index.php?rest_route=%2Fwp%2Fv2%2Fcomments&post=21"}],"version-history":[{"count":3,"href":"https:\/\/www.kop-info.org\/index.php?rest_route=\/wp\/v2\/pages\/21\/revisions"}],"predecessor-version":[{"id":3876,"href":"https:\/\/www.kop-info.org\/index.php?rest_route=\/wp\/v2\/pages\/21\/revisions\/3876"}],"wp:attachment":[{"href":"https:\/\/www.kop-info.org\/index.php?rest_route=%2Fwp%2Fv2%2Fmedia&parent=21"}],"curies":[{"name":"wp","href":"https:\/\/api.w.org\/{rel}","templated":true}]}}