{"id":19,"date":"2012-02-05T22:36:34","date_gmt":"2012-02-05T21:36:34","guid":{"rendered":"http:\/\/www.kop-pl.com\/?page_id=19"},"modified":"2012-02-05T22:36:34","modified_gmt":"2012-02-05T21:36:34","slug":"rop","status":"publish","type":"page","link":"https:\/\/www.kop-info.org\/?page_id=19","title":{"rendered":"ROP"},"content":{"rendered":"<p><!--:pl--><\/p>\n<h1>ROP \u2013 Rada O\u015bwiaty Polonijnej<\/h1>\n<p><strong>ZARZ\u0104<\/strong><strong>DZENIE NR 16 MINISTRA EDUKACJI NARODOWEJ <\/strong><strong>z dnia 15 lipca 2010 r. w sprawie powo\u0142ania Rady O<\/strong>\u015b<strong>wiaty Polonijnej. <\/strong>Na podstawie art. 7 ust. 4 pkt 5 ustawy z dnia 8 sierpnia 1996 r. o Radzie Ministr\u00f3w (Dz. U. z 2003 r. Nr 24, poz. 199, z p\u00f3\u017an. zm.1)) zarz\u0105dza si\u0119, co nast\u0119puje: m.in. \u00a7 2. Do zada\u0144 Rady nale\u017cy:<\/p>\n<ol>\n<li>przygotowywanie opinii dla Ministra Edukacji Narodowej na temat&nbsp;kierunk\u00f3w zmian w obszarze o\u015bwiaty polskiej za granic\u0105;<\/li>\n<li>przedstawianie propozycji rozwi\u0105za\u0144 w obszarze o\u015bwiaty polskiej za&nbsp;granic\u0105;<\/li>\n<li>konsultowanie projekt\u00f3w akt\u00f3w prawnych i opracowa\u0144 zawieraj\u0105cych&nbsp;propozycje systemowych zmian w obszarze o\u015bwiaty polskiej za granic\u0105.<\/li>\n<\/ol>\n<p><a href=\"http:\/\/www.bip.men.gov.pl\/images\/stories\/APsr\/zarzadzenierop.pdf\" target=\"_blank\" rel=\"noopener noreferrer\">czytaj\u2026 ZARZ\u0104DZENIE NR 16 MINISTRA EDUKACJI NARODOWEJ<\/a> <a href=\"http:\/\/www.bip.men.gov.pl\/images\/stories\/APsr\/zarzadzenierop.pdf\" target=\"_blank\" rel=\"noopener noreferrer\">z dnia 15 lipca 2010 r. w sprawie powo\u0142ania Rady O\u015bwiaty Polonijnej<\/a><\/p>\n<h4>Sk\u0142ad Rady:<\/h4>\n<ol>\n<li>Przewodnicz\u0105cy Rady \u2013 Pan Miros\u0142aw Sielatycki, Podsekretarz Stanu w&nbsp;Ministerstwie Edukacji Narodowej;<\/li>\n<li>cz\u0142onkowie Rady:<\/li>\n<\/ol>\n<ul>\n<li>Pani Dorota Andraka, USA&nbsp;<a href=\"http:\/\/www.centralapolskichszkol.org\" target=\"_blank\" rel=\"noopener noreferrer\">Centrala Polskich Szk\u00f3\u0142 Dokszta\u0142caj\u0105cych,<\/a><\/li>\n<li>Pani Teresa Arszagi vel Harszagi, &nbsp;BELGIA <a href=\"http:\/\/szkola.be\" target=\"_blank\" rel=\"noopener noreferrer\">Polskie Centrum Kszta\u0142cenia im. Jana Paw\u0142a II,<\/a><\/li>\n<li>Pan Adam Ch\u0142opek, UKRAINA <a href=\"http:\/\/www.znpu.com.ua\/\" target=\"_blank\" rel=\"noopener noreferrer\">Zjednoczenie Nauczycieli Polskich na Ukrainie,<\/a><\/li>\n<li>Pan Stanis\u0142aw Chylewski, KANADA <a href=\"http:\/\/www.szpkmontreal.com\/\" target=\"_blank\" rel=\"noopener noreferrer\">Szkolny Punkt Konsultacyjny,<\/a><\/li>\n<li>Pani Gra\u017cyna Czetwerty\u0144ska,&nbsp;pomys\u0142odawczyni projektu <a title=\"W\u0142\u0105cz Polsk\u0119\" href=\"http:\/\/www.wlaczpolske.pl\/\">W\u0142\u0105cz Polsk\u0119<\/a> z <a title=\"Uniwersytet Warszawski\" href=\"http:\/\/uw.edu.pl\/\" target=\"_blank\" rel=\"noopener noreferrer\">Instytutu Bada\u0144 Interdyscyplinarnych \u201eArtes Liberales\u201d na UW,<\/a><\/li>\n<li>Pani Agnieszka Grochola, IRLANDIA <a href=\"http:\/\/www.spgalway.com\/\" target=\"_blank\" rel=\"noopener noreferrer\">Spo\u0142eczna Polska Szko\u0142a w Galway,<\/a><\/li>\n<li>Pan Tomasz Norbert Karawajczyk, HOLANDIA <a href=\"https:\/\/www.fpsn.nl\/pl\/\" target=\"_blank\" rel=\"noopener noreferrer\">Forum Polskich Szk\u00f3\u0142 w Holandii,<\/a><\/li>\n<li>Pani Ma\u0142gorzata Lasocka, ANGLIA&nbsp;<a href=\"http:\/\/www.polskaszkolaputney.com\" target=\"_blank\" rel=\"noopener noreferrer\">Szko\u0142a Przedmiot\u00f3w Ojczystych<\/a>,<\/li>\n<li>Pan Josef Malinowski, NIEMCY <a href=\"http:\/\/www.polskamacierzszkolna.de\/\" target=\"_blank\" rel=\"noopener noreferrer\">Polska Macierz Szkolna w Niemczech,<\/a><\/li>\n<li>Pan Tadeusz Adam Pilat, SZWECJA <a href=\"http:\/\/www.euwp.eu\" target=\"_blank\" rel=\"noopener noreferrer\">Europejskiej Unii Wsp\u00f3lnot Polonijnych,<\/a><\/li>\n<li>Pani Aleksandra Podhorodecka, ANGLIA <a href=\"http:\/\/www.polskamacierz.org\" target=\"_blank\" rel=\"noopener noreferrer\">Polska Macierz Szkolna,<\/a><\/li>\n<li>Pani Hanna Sand, NORWEGIA <a href=\"http:\/\/www.szkolapolska.no\" target=\"_blank\" rel=\"noopener noreferrer\">Polska Szko\u0142a Sobotnia w Oslo,<\/a><\/li>\n<li>Pani Barbara Sikorowska-Geber, FRANCJA <a href=\"http:\/\/www.szkolapolska.fr\" target=\"_blank\" rel=\"noopener noreferrer\">Szkolny Punkt Konsultacyjny,<\/a><\/li>\n<li>Pani Jolanta Tatara, USA&nbsp;<a href=\"http:\/\/www.polschool.com\/\" target=\"_blank\" rel=\"noopener noreferrer\">Polska Szkola im. Jana Pawla II w Lemont i Romeoville,<\/a><\/li>\n<li>Pani Magdalena Bogus\u0142awska \u2013 dyrektor <a href=\"http:\/\/www.spzg.pl\/\" target=\"_blank\" rel=\"noopener noreferrer\">O\u015brodek Rozwoju Polskiej Edukacji za Granic\u0105,<\/a><\/li>\n<li>Pani Joanna W\u00f3jtowicz \u2013 dyrektor <a href=\"http:\/\/www.pcn.lublin.pl\/\" target=\"_blank\" rel=\"noopener noreferrer\">Polonijnego Centrum&nbsp;Nauczycielskiego w Lublinie.<\/a><\/li>\n<\/ul>\n<h4 style=\"text-align: justify;\"><strong>O\u015bwiadczenie uczestnik\u00f3w pierwszego spotkania Rady O\u015bwiaty Polonijnej<\/strong><\/h4>\n<p style=\"text-align: justify;\">19 lipca 2010, W dniach 16-18 lipca 2010 roku obradowa\u0142a w Warszawie Rada O\u015bwiaty Polonijnej powo\u0142ana przez Ministra Edukacji Narodowej. Rada sk\u0142adaj\u0105ca si\u0119 z przedstawicieli szkolnictwa polonijnego z ca\u0142ego \u015bwiata oraz ekspert\u00f3w edukacyjnych zajmowa\u0142a si\u0119 problemami kszta\u0142cenia polskich dzieci poza granicami kraju. W posiedzeniu Rady uczestniczy\u0142a minister edukacji narodowej Katarzyna Hall, przedstawiciele parlamentu, Ministerstwa Edukacji Narodowej, Ministerstwa Spraw Zagranicznych i Wsp\u00f3lnoty Polskiej.&nbsp;Punktem wyj\u015bcia do dyskusji by\u0142y propozycje MEN w sprawie zmian w systemie o\u015bwiaty polskiej za granic\u0105 oraz projekty akt\u00f3w prawnych.&nbsp;Zar\u00f3wno strona spo\u0142eczna jak ministerialna zgodzi\u0142y si\u0119 co do konieczno\u015bci \u015bcis\u0142ej wsp\u00f3\u0142pracy przy wprowadzaniu zmian istotnych dla \u015brodowiska polonijnego.&nbsp;Uczestnicy spotkania uznali, \u017ce powo\u0142anie Rady stanowi wa\u017cny krok na drodze do uporz\u0105dkowania stanu o\u015bwiaty polskiej za granic\u0105 i zwi\u0119ksza szanse edukacyjne polskich dzieci na emigracji.<\/p>\n<p><!--:--><\/p>\n","protected":false},"excerpt":{"rendered":"<p>ROP \u2013 Rada O\u015bwiaty Polonijnej ZARZ\u0104DZENIE NR 16 MINISTRA EDUKACJI NARODOWEJ z dnia 15 lipca 2010 r. w sprawie powo\u0142ania Rady O\u015bwiaty Polonijnej. Na podstawie art. 7 ust. 4 pkt 5 ustawy z dnia 8 sierpnia 1996 r. o Radzie Ministr\u00f3w (Dz. U. z 2003 r. Nr 24, poz. 199, z p\u00f3\u017an. zm.1)) zarz\u0105dza si\u0119, [&hellip;]<\/p>\n","protected":false},"author":1,"featured_media":0,"parent":0,"menu_order":2,"comment_status":"closed","ping_status":"closed","template":"","meta":{"footnotes":""},"class_list":["post-19","page","type-page","status-publish","hentry"],"_links":{"self":[{"href":"https:\/\/www.kop-info.org\/index.php?rest_route=\/wp\/v2\/pages\/19"}],"collection":[{"href":"https:\/\/www.kop-info.org\/index.php?rest_route=\/wp\/v2\/pages"}],"about":[{"href":"https:\/\/www.kop-info.org\/index.php?rest_route=\/wp\/v2\/types\/page"}],"author":[{"embeddable":true,"href":"https:\/\/www.kop-info.org\/index.php?rest_route=\/wp\/v2\/users\/1"}],"replies":[{"embeddable":true,"href":"https:\/\/www.kop-info.org\/index.php?rest_route=%2Fwp%2Fv2%2Fcomments&post=19"}],"version-history":[{"count":0,"href":"https:\/\/www.kop-info.org\/index.php?rest_route=\/wp\/v2\/pages\/19\/revisions"}],"wp:attachment":[{"href":"https:\/\/www.kop-info.org\/index.php?rest_route=%2Fwp%2Fv2%2Fmedia&parent=19"}],"curies":[{"name":"wp","href":"https:\/\/api.w.org\/{rel}","templated":true}]}}