{"id":179,"date":"2015-07-22T22:33:58","date_gmt":"2015-07-22T20:33:58","guid":{"rendered":"http:\/\/www.kop-pl.com\/?page_id=179"},"modified":"2025-07-16T06:08:03","modified_gmt":"2025-07-16T06:08:03","slug":"historia","status":"publish","type":"page","link":"https:\/\/www.kop-info.org\/?page_id=179","title":{"rendered":"HISTORIA KONGRESU O\u015aWIATY POLONIJNEJ"},"content":{"rendered":"\n<p><strong>Historia Kongresu O\u015bwiaty Polonijnej: Budowanie wsp\u00f3lnoty o\u015bwiatowej Polak\u00f3w na ca\u0142ym \u015bwiecie<\/strong><\/p>\n\n\n\n<p>Kongres O\u015bwiaty Polonijnej (KOP) to organizacja, kt\u00f3rej korzenie si\u0119gaj\u0105 idei jedno\u015bci, wsp\u00f3\u0142pracy i rozwoju o\u015bwiaty w\u015br\u00f3d Polonii rozsianej po ca\u0142ym \u015bwiecie. Powsta\u0142 z potrzeby zjednoczenia nauczycieli, edukator\u00f3w oraz dzia\u0142aczy polonijnych, kt\u00f3rych celem jest nie tylko piel\u0119gnowanie polskiej to\u017csamo\u015bci, ale i przekazywanie wiedzy o kulturze, historii i j\u0119zyku kolejnym pokoleniom, niezale\u017cnie od kraju zamieszkania.<\/p>\n\n\n\n<p><strong>Pocz\u0105tki<\/strong><\/p>\n\n\n\n<p>Pierwsze zal\u0105\u017cki pojawi\u0142y si\u0119 w latach 90., kiedy to coraz bardziej zauwa\u017calna sta\u0142a si\u0119 potrzeba zrzeszenia \u015brodowisk o\u015bwiatowych Polonii. Wielu nauczycieli na emigracji dostrzega\u0142o, jak wa\u017cne jest utrzymanie wi\u0119zi z polskim dziedzictwem kulturowym, w szczeg\u00f3lno\u015bci poprzez edukacj\u0119. Jednak brakowa\u0142o wsp\u00f3lnej platformy do wymiany do\u015bwiadcze\u0144 i wsp\u00f3\u0142pracy na szersz\u0105 skal\u0119.<\/p>\n\n\n\n<p><strong>Pomys\u0142 i za\u0142o\u017cenie KOP zainicjowa\u0142a grupa dzia\u0142aczy o\u015bwiatowych.<\/strong><\/p>\n\n\n\n<p>Z inicjatywy dzia\u0142aczy polonijnych, nauczycieli i lider\u00f3w spo\u0142ecznych z r\u00f3\u017cnych zak\u0105tk\u00f3w \u015bwiata, w tym Europy, Ameryki P\u00f3\u0142nocnej i Po\u0142udniowej, Azji oraz Australii, dnia 26 marca 2011 roku postanowi\u0142a przeprowadzi\u0107 Kongres O\u015bwiaty Polonijnej.<\/p>\n\n\n\n<p>Wielomiesi\u0119czna praca nad zebraniem bazy danych, wy\u0142onieniem proporcjonalnej reprezentacji i opracowaniem dokumentu statutowego zaowocowa\u0142a zwo\u0142aniem pierwszego za\u0142o\u017cycielskiego zjazdu Kongresu O\u015bwiaty Polonijnej, kt\u00f3ry odby\u0142 si\u0119 w Pu\u0142tusku, w dniach 22-24 czerwca 2012 r. przy wsparciu finansowym <a href=\"http:\/\/wspolnotapolska.org.pl\/\">Stowarzyszenia &#8222;Wsp\u00f3lnota Polska<\/a>&#8222;.<\/p>\n\n\n\n<figure class=\"wp-block-image size-large\"><img loading=\"lazy\" decoding=\"async\" width=\"300\" height=\"199\" src=\"https:\/\/www.kop-info.org\/wp-content\/uploads\/2024\/09\/bdc1a-foto_marek_zaniewski-300x199-1.jpg\" alt=\"\" class=\"wp-image-3558\"\/><\/figure>\n\n\n\n<figure class=\"wp-block-gallery has-nested-images columns-default is-cropped wp-block-gallery-1 is-layout-flex wp-block-gallery-is-layout-flex\"><\/figure>\n\n\n\n<p>W 2018 r.  III Kongres O\u015bwiaty Polonijnej okre\u015bli\u0142 cele i zadania Kongresu.<\/p>\n\n\n\n<figure class=\"wp-block-gallery has-nested-images columns-default is-cropped wp-block-gallery-2 is-layout-flex wp-block-gallery-is-layout-flex\">\n<figure class=\"wp-block-image size-large\"><img loading=\"lazy\" decoding=\"async\" width=\"1024\" height=\"686\" data-id=\"3548\" src=\"https:\/\/www.kop-info.org\/wp-content\/uploads\/2024\/09\/0708_zyt-2_2018-1-1024x686.jpg\" alt=\"\" class=\"wp-image-3548\" srcset=\"https:\/\/www.kop-info.org\/wp-content\/uploads\/2024\/09\/0708_zyt-2_2018-1-1024x686.jpg 1024w, https:\/\/www.kop-info.org\/wp-content\/uploads\/2024\/09\/0708_zyt-2_2018-1-300x201.jpg 300w, https:\/\/www.kop-info.org\/wp-content\/uploads\/2024\/09\/0708_zyt-2_2018-1-768x514.jpg 768w, https:\/\/www.kop-info.org\/wp-content\/uploads\/2024\/09\/0708_zyt-2_2018-1-1536x1028.jpg 1536w, https:\/\/www.kop-info.org\/wp-content\/uploads\/2024\/09\/0708_zyt-2_2018-1.jpg 1800w\" sizes=\"(max-width: 1024px) 100vw, 1024px\" \/><\/figure>\n\n\n\n<figure class=\"wp-block-image size-large\"><img loading=\"lazy\" decoding=\"async\" width=\"1024\" height=\"686\" data-id=\"3547\" src=\"https:\/\/www.kop-info.org\/wp-content\/uploads\/2024\/09\/0708_zyt-3-2018-1024x686.jpg\" alt=\"\" class=\"wp-image-3547\" srcset=\"https:\/\/www.kop-info.org\/wp-content\/uploads\/2024\/09\/0708_zyt-3-2018-1024x686.jpg 1024w, https:\/\/www.kop-info.org\/wp-content\/uploads\/2024\/09\/0708_zyt-3-2018-300x201.jpg 300w, https:\/\/www.kop-info.org\/wp-content\/uploads\/2024\/09\/0708_zyt-3-2018-768x514.jpg 768w, https:\/\/www.kop-info.org\/wp-content\/uploads\/2024\/09\/0708_zyt-3-2018-1536x1028.jpg 1536w, https:\/\/www.kop-info.org\/wp-content\/uploads\/2024\/09\/0708_zyt-3-2018.jpg 1800w\" sizes=\"(max-width: 1024px) 100vw, 1024px\" \/><\/figure>\n\n\n\n<figure class=\"wp-block-image size-large\"><img loading=\"lazy\" decoding=\"async\" width=\"1024\" height=\"686\" data-id=\"3546\" src=\"https:\/\/www.kop-info.org\/wp-content\/uploads\/2024\/09\/0708_zyt-4-2018-1024x686.jpg\" alt=\"\" class=\"wp-image-3546\" srcset=\"https:\/\/www.kop-info.org\/wp-content\/uploads\/2024\/09\/0708_zyt-4-2018-1024x686.jpg 1024w, https:\/\/www.kop-info.org\/wp-content\/uploads\/2024\/09\/0708_zyt-4-2018-300x201.jpg 300w, https:\/\/www.kop-info.org\/wp-content\/uploads\/2024\/09\/0708_zyt-4-2018-768x514.jpg 768w, https:\/\/www.kop-info.org\/wp-content\/uploads\/2024\/09\/0708_zyt-4-2018-1536x1028.jpg 1536w, https:\/\/www.kop-info.org\/wp-content\/uploads\/2024\/09\/0708_zyt-4-2018.jpg 1800w\" sizes=\"(max-width: 1024px) 100vw, 1024px\" \/><\/figure>\n<\/figure>\n\n\n\n<p>Stowarzyszenie <strong>Kongres O\u015bwiaty Polonijnej\u00a0<\/strong>to samorz\u0105dna organizacja przedstawicieli wszystkich o\u015bwiatowych \u015brodowisk polonijnych i polskich poza granicami kraju.<\/p>\n\n\n\n<p><strong>Misja i cele Kongresu i O\u015bwiaty Polonijnej <\/strong><\/p>\n\n\n\n<ul class=\"wp-block-list\">\n<li>dba\u0142o\u015b\u0107 o zapewnienie o\u015bwiacie polonijnej i polskiej poza granicami kraju nale\u017cnych jej praw, statusu i \u015brodk\u00f3w;<\/li>\n\n\n\n<li>integracja i wzmocnienie ruchu o\u015bwiatowego polonii i polak\u00f3w poza granicami kraju;<\/li>\n\n\n\n<li>troska o zachowanie przez m\u0142ode pokolenia Polak\u00f3w poza granicami kraju j\u0119zyka polskiego oraz narodowego dziedzictwa kulturowego i historycznego;<\/li>\n\n\n\n<li>rozwijanie poczucia wsp\u00f3lnego dobra i wi\u0119zi narodowej Polak\u00f3w poza jego granicami z macierz\u0105;<\/li>\n\n\n\n<li>dba\u0142o\u015b\u0107 o dobre imi\u0119 Polski i narodu polskiego przy poszanowaniu innych kultur i narod\u00f3w.<\/li>\n<\/ul>\n\n\n\n<p>Od pocz\u0105tku swego istnienia Kongres mia\u0142 na celu \u0142\u0105czenie si\u0142 organizacji polonijnych, aby wsp\u00f3lnie promowa\u0107 edukacj\u0119 i kultur\u0119 polsk\u0105 na arenie mi\u0119dzynarodowej. Dzi\u015b KOP liczy a\u017c 53 cz\u0142onk\u00f3w z r\u00f3\u017cnych kraj\u00f3w, co \u015bwiadczy o rosn\u0105cym znaczeniu o\u015bwiaty polonijnej w globalnej spo\u0142eczno\u015bci. <\/p>\n\n\n\n<p>Kongres stawia sobie za cel wspieranie nauczycieli polonijnych oraz tworzenie przestrzeni do wymiany wiedzy i dobrych praktyk. Pracuje nad rozwojem program\u00f3w nauczania, organizacj\u0105 konferencji naukowych, a tak\u017ce nad szkoleniem kadry pedagogicznej.<\/p>\n\n\n\n<p>Dzi\u0119ki zaanga\u017cowaniu cz\u0142onk\u00f3w Kongresu mo\u017cliwe jest utrzymywanie wysokiego poziomu edukacji polonijnej oraz reagowanie na wyzwania, jakie stawia \u017cycie na emigracji, w tym trudno\u015bci zwi\u0105zane z dost\u0119pem do polskich podr\u0119cznik\u00f3w i materia\u0142\u00f3w edukacyjnych.<\/p>\n\n\n\n<p>Wsp\u00f3\u0142czesne wyzwania Kongres O\u015bwiaty Polonijnej nie tylko dba o kontynuowanie tradycji i przekazywanie j\u0119zyka polskiego, ale tak\u017ce stawia czo\u0142a nowoczesnym wyzwaniom edukacyjnym. W obliczu globalizacji i szybko zmieniaj\u0105cych si\u0119 technologii, Kongres wspiera wprowadzanie nowoczesnych metod nauczania, takich jak e-learning czy wykorzystanie narz\u0119dzi cyfrowych w edukacji.<\/p>\n\n\n\n<p><strong>Liderzy Kongresu<\/strong><\/p>\n\n\n\n<p>Jedn\u0105 z kluczowych postaci Kongresu jest jego dotychczasowa prezes dr Jolanta Tatara, cz\u0142onkowie Zarz\u0105du Ewa Mie\u017cyjewska, Iwona Malinowski, Hanna Sand. Dzi\u0119ki ich zaanga\u017cowaniu oraz determinacji, Kongres zyska\u0142 mi\u0119dzynarodowy rozg\u0142os, a projekty realizowane przez organizacj\u0119 docieraj\u0105 do coraz szerszego grona nauczycieli i uczni\u00f3w. <\/p>\n\n\n\n<p>Od 2023 r. prezes Wiktoria Laskowska, wiceprezesi Ela Barrass i Witalij Chmielewski, cz\u0142onkowie Zarz\u0105du  Teresa Arszagi Vel Harszagi, Krystyna Dzer\u017cinska i Aleksander Selitsky z du\u017cym do\u015bwiadczeniem w pracy na rzecz Polonii, przyczyniaj\u0105 si\u0119 do wzmocnienia wsp\u00f3\u0142pracy pomi\u0119dzy r\u00f3\u017cnymi \u015brodowiskami polonijnymi oraz dalszemu rozwojowi organizacji. <\/p>\n\n\n\n<p>Kongres O\u015bwiaty Polonijnej dzi\u015b jest nie tylko platform\u0105 do wymiany wiedzy, ale tak\u017ce inicjatorem wielu wydarze\u0144, takich jak konferencje naukowe, sympozja i warsztaty.<\/p>\n\n\n\n<p>W br roku organizacja planuje zorganizowa\u0107 kolejny mi\u0119dzynarodowy zjazd, kt\u00f3ry ma na celu om\u00f3wienie najnowszych wyzwa\u0144 w edukacji polonijnej oraz zacie\u015bnienie wsp\u00f3\u0142pracy pomi\u0119dzy szko\u0142ami i instytucjami na ca\u0142ym \u015bwiecie.<\/p>\n\n\n\n<p>Dzi\u0119ki swojej misji i warto\u015bciom, Kongres O\u015bwiaty Polonijnej odgrywa kluczow\u0105 rol\u0119 w kszta\u0142towaniu przysz\u0142o\u015bci polonijnych spo\u0142eczno\u015bci, buduj\u0105c mosty pomi\u0119dzy pokoleniami i narodami.<\/p>\n\n\n\n<p>www.kop-info.org<\/p>\n","protected":false},"excerpt":{"rendered":"<p>Historia Kongresu O\u015bwiaty Polonijnej: Budowanie wsp\u00f3lnoty o\u015bwiatowej Polak\u00f3w na ca\u0142ym \u015bwiecie Kongres O\u015bwiaty Polonijnej (KOP) to organizacja, kt\u00f3rej korzenie si\u0119gaj\u0105 idei jedno\u015bci, wsp\u00f3\u0142pracy i rozwoju o\u015bwiaty w\u015br\u00f3d Polonii rozsianej po ca\u0142ym \u015bwiecie. Powsta\u0142 z potrzeby zjednoczenia nauczycieli, edukator\u00f3w oraz dzia\u0142aczy polonijnych, kt\u00f3rych celem jest nie tylko piel\u0119gnowanie polskiej to\u017csamo\u015bci, ale i przekazywanie wiedzy o kulturze, [&hellip;]<\/p>\n","protected":false},"author":1,"featured_media":0,"parent":0,"menu_order":0,"comment_status":"closed","ping_status":"open","template":"","meta":{"footnotes":""},"class_list":["post-179","page","type-page","status-publish","hentry"],"_links":{"self":[{"href":"https:\/\/www.kop-info.org\/index.php?rest_route=\/wp\/v2\/pages\/179"}],"collection":[{"href":"https:\/\/www.kop-info.org\/index.php?rest_route=\/wp\/v2\/pages"}],"about":[{"href":"https:\/\/www.kop-info.org\/index.php?rest_route=\/wp\/v2\/types\/page"}],"author":[{"embeddable":true,"href":"https:\/\/www.kop-info.org\/index.php?rest_route=\/wp\/v2\/users\/1"}],"replies":[{"embeddable":true,"href":"https:\/\/www.kop-info.org\/index.php?rest_route=%2Fwp%2Fv2%2Fcomments&post=179"}],"version-history":[{"count":6,"href":"https:\/\/www.kop-info.org\/index.php?rest_route=\/wp\/v2\/pages\/179\/revisions"}],"predecessor-version":[{"id":3921,"href":"https:\/\/www.kop-info.org\/index.php?rest_route=\/wp\/v2\/pages\/179\/revisions\/3921"}],"wp:attachment":[{"href":"https:\/\/www.kop-info.org\/index.php?rest_route=%2Fwp%2Fv2%2Fmedia&parent=179"}],"curies":[{"name":"wp","href":"https:\/\/api.w.org\/{rel}","templated":true}]}}