{"id":170,"date":"2012-06-26T14:33:59","date_gmt":"2012-06-26T12:33:59","guid":{"rendered":"http:\/\/www.kop-pl.com\/?page_id=170"},"modified":"2012-06-26T14:33:59","modified_gmt":"2012-06-26T12:33:59","slug":"rezolucja","status":"publish","type":"page","link":"https:\/\/www.kop-info.org\/?page_id=170","title":{"rendered":"REZOLUCJA"},"content":{"rendered":"<p><!--:pl-->W dniach 22-24 czerwca 2012 roku w Pu\u0142tusku odby\u0142 si\u0119 w Domu Polonii Zjazd Za\u0142o\u017cycielski Kongresu O\u015bwiaty Polonijnej. Uchwa\u0142\u0105 Zjazdu i w oparciu o przyj\u0119ty Statut KOP zosta\u0142y wy\u0142onione w\u0142adze Organizacji:<\/p>\n<ul>\n<li>Prezydent: Jacek Jurkowski \u2013 Szwecja<\/li>\n<li>wiceprezydent: Jolanta Tatara \u2013 USA<\/li>\n<li>wiceprezydent: J\u00f3zef Kwiatkowski \u2013 Litwa<\/li>\n<li>wiceprezydent: Ewa R\u00f3nay \u2013 W\u0119gry<\/li>\n<li>Sekretarz: Tomasz Karawajczyk \u2013 Holandia<\/li>\n<li>Skarbnik: Marta Szutkowska-Kiszkiel \u2013 Irlandia<\/li>\n<\/ul>\n<p>W sk\u0142ad Rady Naczelnej wchodz\u0105:<\/p>\n<ul>\n<li>Bo\u017cena Iwanowski \u2013 Australia<\/li>\n<li>Stanis\u0142aw Folwarczny \u2013 Czechy<\/li>\n<li>Teresa Arszagi vel Harszagi \u2013 Belgia<\/li>\n<li>Stanis\u0142aw Sienkiewicz \u2013 Bia\u0142oru\u015b<\/li>\n<li>Danuta Lemoyne \u2013 Francja<\/li>\n<li>Nina Demetradze \u2013 Gruzja<\/li>\n<li>Agnieszka Grochola \u2013 Irlandia<\/li>\n<li>Agnieszka Zaj\u0105c \u2013 Irlandia P\u00f3\u0142nocna<\/li>\n<li>Zuzanna Stupak \u2013 Kanada<\/li>\n<li>Jaros\u0142aw Narkiewicz \u2013 Litwa<\/li>\n<li>Gertruda Grawe \u2013 \u0141otwa<\/li>\n<li>Halina Koblenzer \u2013 Niemcy<\/li>\n<li>Ma\u0142gorzata Tuszy\u0144ska \u2013 Niemcy<\/li>\n<li>Maria Ma\u0142a\u015bnicka Miedzianog\u00f3ra \u2013 Nordycka Unia O\u015bwiaty Polonijnej<\/li>\n<li>Hanna Sand \u2013 Norwegia<\/li>\n<li>Halina Romanowa \u2013 Rosja<\/li>\n<li>Dorota Andraka \u2013 USA<\/li>\n<li>Bo\u017cena Kaminski \u2013 USA<\/li>\n<li>Halina Stochnio\u0142 \u2013 Wielka Brytania<\/li>\n<li>\u017baneta Sterna \u2013 Wielka Brytania<\/li>\n<\/ul>\n<p>Komisja rewizyjna:<\/p>\n<ul>\n<li>Przewodnicz\u0105cy: Anna Dunajewski \u2013 USA<\/li>\n<\/ul>\n<h4>Cz\u0142onkowie:<\/h4>\n<ul>\n<li>Barbara Rejak \u2013 Niemcy<\/li>\n<li>Roman Miedzianog\u00f3ra \u2013 Dania<\/li>\n<\/ul>\n<p>Celem Prezydium i Rady Naczelnej KOP jest realizowanie statutowych cel\u00f3w Kongresu O\u015bwiaty Polonijnej. Kongres jest cia\u0142em konsultacyjnym, reprezentacyjnym i doradczym, maj\u0105cym za zadanie wypracowywa\u0107 koncepcje i rozwi\u0105zania wspieraj\u0105ce rozw\u00f3j o\u015bwiaty polskiej za granic\u0105, we wsp\u00f3\u0142pracy z dzia\u0142aj\u0105cymi w Polsce instytucjami parlamentarnymi, rz\u0105dowymi i pozarz\u0105dowymi, w szczeg\u00f3lno\u015bci ze Stowarzyszeniem Wsp\u00f3lnota Polska, kt\u00f3ra od lat wspiera dzia\u0142ania Polonii i Polak\u00f3w za granicami kraju, na rzecz o\u015bwiaty. Wychodz\u0105c naprzeciw deklaracjom MEN i MSZ w sprawie powo\u0142ywania przy plac\u00f3wkach dyplomatycznych Rad Konsultacyjnych, Kongres deklaruje gotowo\u015b\u0107 do wsp\u00f3\u0142pracy i rekomendacji reprezentant\u00f3w do wy\u017cej wymienionych Rad w poszczeg\u00f3lnych krajach. Jeste\u015bmy g\u0142\u0119boko przekonani, \u017ce zapewni to rzeteln\u0105 dyskusj\u0119 na temat o\u015bwiaty polonijnej i przyniesie d\u0142ugo oczekiwane zmiany przez \u015brodowiska polonijne na ca\u0142ym \u015awiecie. Pragniemy serdecznie podzi\u0119kowa\u0107 Komitetowi Organizacyjnemu:<\/p>\n<ol>\n<li>Dorota Andraka \u2013 Prezes Centrali Polskich Szk\u00f3\u0142 Dokszta\u0142caj\u0105cych w Ameryce<\/li>\n<li>Agnieszka Grochola \u2013 Dyrektor Polskiej Szko\u0142y w Galway w Irlandii<\/li>\n<li>Teresa Arszagi vel Harszagi \u2013 Dyrektor Polskiego Centrum Kszta\u0142cenia im. Jana Paw\u0142a\u00a0 II w Brukseli<\/li>\n<li>Tomasz Norbert Karawajczyk \u2013 Przedstawiciel Forum Polskich Szk\u00f3\u0142 w Holandii<\/li>\n<li>Malgorzata Lasocka \u2013 Dyrektor Szko\u0142y Przedmiot\u00f3w Ojczystych im. Marii Sk\u0142odowskiej-Curie w Londynie<\/li>\n<li>Jozef Malinowski \u2013 Prezes Polskiej Macierzy Szkolnej w Niemczech<\/li>\n<li>Tadeusz Adam Pilat \u2013 Prezydent Europejskiej Unii Wsp\u00f3lnot Polonijnych<\/li>\n<li>Aleksandra Podhorodecka \u2013 Prezes Polskiej Macierzy Szkolnej w Wielkiej Brytanii<\/li>\n<li>Hanna Sand \u2013 Dyrektor Polskiej Szko\u0142y Sobotniej im. Jana Paw\u0142a II w Oslo<\/li>\n<li>Dr Jolanta Tatara &#8211; Dyrektor Polskiej Szko\u0142y im. Jana Paw\u0142a II w Lemont I Romeoville.<\/li>\n<\/ol>\n<p>kt\u00f3ry przygotowa\u0142 Zjazd Za\u0142o\u017cycielski KOP oraz Stowarzyszeniu Wsp\u00f3lnota Polska. \u00a0 \u00a0 W imieniu Zjazdu KOP Rada Naczelna<!--:--><\/p>\n","protected":false},"excerpt":{"rendered":"<p>W dniach 22-24 czerwca 2012 roku w Pu\u0142tusku odby\u0142 si\u0119 w Domu Polonii Zjazd Za\u0142o\u017cycielski Kongresu O\u015bwiaty Polonijnej. Uchwa\u0142\u0105 Zjazdu i w oparciu o przyj\u0119ty Statut KOP zosta\u0142y wy\u0142onione w\u0142adze Organizacji: Prezydent: Jacek Jurkowski \u2013 Szwecja wiceprezydent: Jolanta Tatara \u2013 USA wiceprezydent: J\u00f3zef Kwiatkowski \u2013 Litwa wiceprezydent: Ewa R\u00f3nay \u2013 W\u0119gry Sekretarz: Tomasz Karawajczyk \u2013 [&hellip;]<\/p>\n","protected":false},"author":1,"featured_media":0,"parent":93,"menu_order":0,"comment_status":"closed","ping_status":"closed","template":"","meta":{"footnotes":""},"class_list":["post-170","page","type-page","status-publish","hentry"],"_links":{"self":[{"href":"https:\/\/www.kop-info.org\/index.php?rest_route=\/wp\/v2\/pages\/170"}],"collection":[{"href":"https:\/\/www.kop-info.org\/index.php?rest_route=\/wp\/v2\/pages"}],"about":[{"href":"https:\/\/www.kop-info.org\/index.php?rest_route=\/wp\/v2\/types\/page"}],"author":[{"embeddable":true,"href":"https:\/\/www.kop-info.org\/index.php?rest_route=\/wp\/v2\/users\/1"}],"replies":[{"embeddable":true,"href":"https:\/\/www.kop-info.org\/index.php?rest_route=%2Fwp%2Fv2%2Fcomments&post=170"}],"version-history":[{"count":0,"href":"https:\/\/www.kop-info.org\/index.php?rest_route=\/wp\/v2\/pages\/170\/revisions"}],"up":[{"embeddable":true,"href":"https:\/\/www.kop-info.org\/index.php?rest_route=\/wp\/v2\/pages\/93"}],"wp:attachment":[{"href":"https:\/\/www.kop-info.org\/index.php?rest_route=%2Fwp%2Fv2%2Fmedia&parent=170"}],"curies":[{"name":"wp","href":"https:\/\/api.w.org\/{rel}","templated":true}]}}