{"id":154,"date":"2012-06-25T17:28:07","date_gmt":"2012-06-25T15:28:07","guid":{"rendered":"http:\/\/www.kop-pl.com\/?page_id=154"},"modified":"2012-06-25T17:28:07","modified_gmt":"2012-06-25T15:28:07","slug":"delegaci","status":"publish","type":"page","link":"https:\/\/www.kop-info.org\/?page_id=154","title":{"rendered":"DELEGACI 2012"},"content":{"rendered":"<p><!--:pl-->Lista delegat\u00f3w obecnych na Zje\u017adzie Za\u0142o\u017cycielskim KOP:<\/p>\n<p style=\"padding-left: 30px;\">1. Federacja Polskich Organizacji w Wiktorii <strong>Bo\u017cena Iwanowski<\/strong> \u2013 Australia<\/p>\n<ul>\n<li><a href=\"http:\/\/www.pccv.org.au\/schools\/\">link do strony<\/a><\/li>\n<\/ul>\n<p style=\"padding-left: 30px;\">2. &#8222;Szkolny Punkt Konsultacyjny im. Jana III Sobieskiego przy Ambasadzie RP w Wiedniu&#8221; <strong>Hanna Kaczmarczyk<\/strong> \u2013 Austria<\/p>\n<ul>\n<li><a href=\"http:\/\/www.szkolapolska.org\">link do strony<\/a><\/li>\n<\/ul>\n<p style=\"padding-left: 30px;\">3. Polskie Centrum Kszta\u0142cenia im. Jana Paw\u0142a II <strong>Teresa Arszagi vel Harszagi\u00a0<\/strong>\u2013 Belgia<\/p>\n<ul>\n<li><a href=\"http:\/\/www.szkola.be\/\">link do strony<\/a><\/li>\n<\/ul>\n<p style=\"padding-left: 30px;\">4. Polska Macierz Szkolna na Bia\u0142orusi <strong>Stanis\u0142aw Sienkiewicz<\/strong> \u2013 Bia\u0142oru\u015b<\/p>\n<ul>\n<li><a href=\"http:\/\/pmsgrodno.org\/\">link do strony<\/a><\/li>\n<\/ul>\n<p style=\"padding-left: 30px;\">5. Polski Zwi\u0105zek Kulturalno O\u015bwiatowy <strong>Barbara Smugala<\/strong> \u2013 Czechy<\/p>\n<ul>\n<li><a href=\"http:\/\/pzko.cz\">link do strony<\/a><\/li>\n<\/ul>\n<p style=\"padding-left: 30px;\">6. Towarzystwo Nauczycieli Polskich w Republice Czeskiej <strong>Stanis\u0142aw Folwarczny<\/strong>\u00a0 \u2013 Czechy<\/p>\n<ul>\n<li>link do strony<\/li>\n<\/ul>\n<p style=\"padding-left: 30px;\">7. Macierz Szkolna W Republice Czeskiej <strong>Andrzej Russ<\/strong> \u2013 Czechy<\/p>\n<ul>\n<li><a href=\"http:\/\/www.macierz.cz\/\">link do strony<\/a><\/li>\n<\/ul>\n<p style=\"padding-left: 30px;\">8. Nordycka Unia O\u015bwiaty Polonijnej <strong>Maria Ma\u0142a\u015bnicka Miedzianog\u00f3ra<\/strong> \u2013 Dania<\/p>\n<ul>\n<li><a href=\"http:\/\/unianordycka.com\/\">link do strony<\/a><\/li>\n<\/ul>\n<p style=\"padding-left: 30px;\">9. Towarzystwo Krzewienia O\u015bwiaty Polskiej w Danii im. Adama Sok\u00f3lskiego <strong>Roman Miedzianog\u00f3ra<\/strong> \u2013 Dania<\/p>\n<ul>\n<li><a href=\"http:\/\/www.edu-tractus.dk\/wb\/\">link do strony<\/a><\/li>\n<\/ul>\n<p style=\"padding-left: 30px;\">10. ECOLE NOVA POLSKA im. Stanis\u0142awa Leszczy\u0144skiego <strong>Danuta Lemoyne<\/strong> \u2013 Francja<\/p>\n<ul>\n<li><a href=\"http:\/\/www.ecolenovapolska.com\/index.php?version=pl\">link do strony<\/a><\/li>\n<\/ul>\n<p style=\"padding-left: 30px;\">11. Polska Szko\u0142a im. \u015bw. Kr\u00f3lowej Jadwigi w Tbilisi <strong>Nina Demetradze<\/strong> \u2013 Gruzja<\/p>\n<ul>\n<li>link do strony<\/li>\n<\/ul>\n<p style=\"padding-left: 30px;\">12. Asociaci\u00f3n Cultural Hispano-Polaca Forum <strong>Monika Aguilar\u00a0<strong>Antos<\/strong><\/strong> \u2013 Hiszpania<\/p>\n<ul>\n<li><a href=\"http:\/\/www.asociacionforum.org\/forum.html\">link do strony<\/a><\/li>\n<\/ul>\n<p style=\"padding-left: 30px;\">13. Forum Polskich Szk\u00f3\u0142 w Holandii <strong>Tomasz Norbert Karawajczyk<\/strong> \u2013 Holandia<\/p>\n<ul>\n<li><a href=\"https:\/\/www.fpsn.nl\/pl\/\">link do strony<\/a><\/li>\n<\/ul>\n<p style=\"padding-left: 30px;\">14. Polska Szko\u0142a w Galway <strong>Agnieszka Grochola<\/strong> \u2013 Irlandia<\/p>\n<ul>\n<li><a href=\"http:\/\/www.spgalway.com\/\">link do strony<\/a><\/li>\n<\/ul>\n<p style=\"padding-left: 30px;\">15. Polish Academy of Knowledge Ltd. Polska Akademia Wiedzy w Dublinie <strong>Beata Kr\u00f3l<\/strong> \u2013 Irlandia<\/p>\n<ul>\n<li><a href=\"http:\/\/www.szkolapak.com\">link do strony<\/a><\/li>\n<\/ul>\n<p style=\"padding-left: 30px;\">16. Laois International School <strong>Ewa Ca\u0142a<\/strong> \u2013 Irlandia<\/p>\n<ul>\n<li><a href=\"http:\/\/wspll.blogspot.nl\/\">link do strony<\/a><\/li>\n<\/ul>\n<p style=\"padding-left: 30px;\">17. Szko\u0142a \u201eR\u00f3wne Szanse\u201d <strong>Marta Szutkowska-Kiszkiel<\/strong> \u2013 Irlandia<\/p>\n<ul>\n<li><a href=\"http:\/\/www.rowneszanse.info\/\">link do strony<\/a><\/li>\n<\/ul>\n<p style=\"padding-left: 30px;\">18. Polska Szko\u0142a Sobotnia Ballymena <strong>Agnieszka Zaj\u0105c<\/strong> \u2013 Irlandia P\u00f3\u0142nocna<\/p>\n<ul>\n<li><a href=\"http:\/\/www.pssballymena.pl\/\">link do strony<\/a><\/li>\n<\/ul>\n<p style=\"padding-left: 30px;\">19. Zwi\u0105zek Nauczycielstwa Polskiego w Kanadzie <strong>Zuzanna Stupak<\/strong> \u2013 Kanada<\/p>\n<ul>\n<li><a href=\"http:\/\/www.znp.ca\/\">link do strony<\/a><\/li>\n<\/ul>\n<p style=\"padding-left: 30px;\">20. Stowarzyszenie Nauczycieli Szk\u00f3\u0142 Polskich na Litwie \u201eMacierz Szkolna\u201d <strong>Czes\u0142aw Dawidowicz<\/strong> \u2013 Litwa<\/p>\n<ul>\n<li><a href=\"http:\/\/www.gam.lt\/pl\/\">link do strony<\/a><\/li>\n<\/ul>\n<p style=\"padding-left: 30px;\">21. Stowarzyszenie Nauczycieli Szk\u00f3\u0142 Polskich na Litwie \u201eMacierz Szkolna\u201d <strong>Krystyna Dzier\u017cy\u0144ska<\/strong> \u2013 Litwa<\/p>\n<ul>\n<li><a href=\"http:\/\/www.portalszkolny.org\/\">link do strony<\/a><\/li>\n<\/ul>\n<p style=\"padding-left: 30px;\">22. Stowarzyszenie Nauczycieli Szk\u00f3\u0142 Polskich na Litwie \u201eMacierz Szkolna\u201d <strong>J\u00f3zef\u00a0 Kwiatkowski<\/strong> \u2013 Litwa<\/p>\n<ul>\n<li><a href=\"http:\/\/www.portalszkolny.org\/\">link do strony<\/a><\/li>\n<\/ul>\n<p style=\"padding-left: 30px;\">23. Pa\u0144stwowe Gimnazjum Polskie\u00a0 im. J.Pi\u0142sudskiego w Daugavpils <strong>Gertruda Grawe<\/strong> \u2013 \u0141otwa<\/p>\n<ul>\n<li><a href=\"http:\/\/www.dpolvsk.lv\/\">link do strony<\/a><\/li>\n<\/ul>\n<p style=\"padding-left: 30px;\">24. &#8222;Chrze\u015bcija\u0144skie Centrum Krzewienia Kultury, Tradycji i J\u0119zyka Polskiego w Niemczech e.v.:&#8221; <strong>Agata Kotowska<\/strong> \u2013 Niemcy<\/p>\n<ul>\n<li><a href=\"http:\/\/www.chrzescijanskie-centrum.de\">link do strony<\/a><\/li>\n<\/ul>\n<p style=\"padding-left: 30px;\">25. Polskie Towarzystwo Szkolne \u201eO\u015bwiata\u201d T.z. w Berlinie <strong>Barbara Rejak<\/strong> \u2013 Niemcy<\/p>\n<ul>\n<li><a href=\"http:\/\/www.oswiataberlin.de\/Info\/index.html\">link do strony<\/a><\/li>\n<\/ul>\n<p style=\"padding-left: 30px;\">26. &#8222;Chrze\u015bcija\u0144skie Centrum Krzewienia Kultury, Tradycji i Jezyka Polskiego w Niemczech&#8221; <strong>Halina Koblenzer<\/strong> \u2013 Niemcy<\/p>\n<ul>\n<li><a href=\"http:\/\/www.chrzescijanskie-centrum.de\">link do strony<\/a><\/li>\n<\/ul>\n<p style=\"padding-left: 30px;\">27. &#8222;Chrze\u015bcija\u0144skie Centrum Krzewienia Kultury, Tradycji i Jezyka Polskiego w Niemczech&#8221; <strong>Halina Rosynski (R\u00f3\u017cy\u0144ska)<\/strong> \u2013 Niemcy<\/p>\n<ul>\n<li><a href=\"http:\/\/www.chrzescijanskie-centrum.de\">link do strony<\/a><\/li>\n<\/ul>\n<p style=\"padding-left: 30px;\">28. Polska Macierz Szkolna w Niemczech t.z. <strong>Jozef Malinowski<\/strong> \u2013 Niemcy<\/p>\n<ul>\n<li><a href=\"http:\/\/www.polskamacierzszkolna.de\/\">link do strony<\/a><\/li>\n<\/ul>\n<p style=\"padding-left: 30px;\">29. Polska Rada w Berlinie Zwi\u0105zek Krajowy, Polsko-Niemiecka Szko\u0142a Europejska&#8221; <strong>Ma\u0142gorzata Tuszy\u0144ska<\/strong> \u2013 Niemcy<\/p>\n<ul>\n<li><a href=\"http:\/\/www.polskarada-berlin.de\/\">link do strony<\/a><\/li>\n<\/ul>\n<p style=\"padding-left: 30px;\">30. Zwi\u0105zek Nauczycieli J\u0119zyka Polskiego i Pedagog\u00f3w w Niemczech <strong>Liliana Barejko-Knops<\/strong> \u2013 Niemcy<\/p>\n<ul>\n<li><a href=\"http:\/\/www.jpolski.de\/\">link do strony<\/a><\/li>\n<\/ul>\n<p style=\"padding-left: 30px;\">31. &#8222;Chrze\u015bcija\u0144skie Centrum Krzewienia Tradycji, Kultury i J\u0119zyka Polskiego w Niemczech&#8221; <strong>Mariola Stefa\u0144ska-Sabadasz<\/strong> \u2013 Niemcy<\/p>\n<ul>\n<li><a href=\"http:\/\/www.chrzescijanskie-centrum.de\">link do strony<\/a><\/li>\n<\/ul>\n<p style=\"padding-left: 30px;\">32. Polska Szkola Sobotnia im. Bl. Jana Pawla II, Polsk L\u00f8rdagsskole <strong>Hanna Sand<\/strong> \u2013 Norwegia<\/p>\n<ul>\n<li><a href=\"http:\/\/www.szkolapolska.no\/\">link do strony<\/a><\/li>\n<\/ul>\n<p style=\"padding-left: 30px;\">33. Zwi\u0105zek Nauczycieli Polskich w Szwecji <strong>Jacek Jurkowski<\/strong> \u2013 Szwecja<\/p>\n<ul>\n<li><a href=\"http:\/\/www.polskalarare.se\/\">link do strony<\/a><\/li>\n<\/ul>\n<p style=\"padding-left: 30px;\">34. Europejska Unia Wsp\u00f3lnot Polonijnych, Komisja O\u015bwiaty <strong>Tadeusz Pilat<\/strong> \u2013 Szwecja<\/p>\n<ul>\n<li><a href=\"http:\/\/euwp.eu\/\">link do strony<\/a><\/li>\n<\/ul>\n<p style=\"padding-left: 30px;\">35. Centrala Polskich Szk\u00f3\u0142 Dokszta\u0142caj\u0105cych w Ameryce <strong>Anna Tracz<\/strong> \u2013 USA<\/p>\n<ul>\n<li><a href=\"http:\/\/www.centralapolskichszkol.org\/index.php\/\">link do strony<\/a><\/li>\n<\/ul>\n<p style=\"padding-left: 30px;\">36. Centrala Polskich Szk\u00f3\u0142 Dokszta\u0142caj\u0105cych w Ameryce <strong>Barbara Szenk<\/strong> \u2013 USA<\/p>\n<ul>\n<li><a href=\"http:\/\/www.centralapolskichszkol.org\/index.php\/\">link do strony<\/a><\/li>\n<\/ul>\n<p style=\"padding-left: 30px;\">37. Centrala Polskich Szk\u00f3\u0142 Dokszta\u0142caj\u0105cych w Ameryce <strong>dr Dorota Andraka<\/strong> \u2013 USA<\/p>\n<ul>\n<li><a href=\"http:\/\/www.centralapolskichszkol.org\/index.php\/\">link do strony<\/a><\/li>\n<\/ul>\n<p style=\"padding-left: 30px;\">38. Centrala Polskich Szk\u00f3\u0142 Dokszta\u0142caj\u0105cych w Ameryce <strong>Jan Kozak<\/strong> \u2013 USA<\/p>\n<ul>\n<li><a href=\"http:\/\/www.centralapolskichszkol.org\/index.php\/\">link do strony<\/a><\/li>\n<\/ul>\n<p style=\"padding-left: 30px;\">39. Zrzeszenie Nauczycieli Polskich w Ameryce <strong>Ewa Koch<\/strong> \u2013 USA<\/p>\n<ul>\n<li><a href=\"http:\/\/www.znpusa.org\/\">link do strony<\/a><\/li>\n<\/ul>\n<p style=\"padding-left: 30px;\">40. Polska Szkola im. Jana Pawla II wLemont i Romeoville<strong> dr Jolanta Tatara<\/strong> \u2013 USA<\/p>\n<ul>\n<li><a href=\"http:\/\/polschool.com\/\">link do strony<\/a><\/li>\n<\/ul>\n<p style=\"padding-left: 30px;\">41. Zrzeszenie Nauczycieli Polskich w Ameryce <strong>Anna Dunajewski<\/strong> \u2013 USA<\/p>\n<ul>\n<li><a href=\"http:\/\/www.znpusa.org\/\">link do strony<\/a><\/li>\n<\/ul>\n<p style=\"padding-left: 30px;\">42. Kongres Polonii Amryka\u0144skiej <strong>Bo\u017cenaKaminski<\/strong> \u2013 USA<\/p>\n<ul>\n<li><a href=\"http:\/\/www.pac1944.org\/\">link do strony<\/a><\/li>\n<\/ul>\n<p style=\"padding-left: 30px;\">43. Polska Macierz Szkolna <strong>Aleksandra Podhorodecka<\/strong> \u2013 W. Brytania<\/p>\n<ul>\n<li><a href=\"http:\/\/www.polskamacierz.org\/\">link do strony<\/a><\/li>\n<\/ul>\n<p style=\"padding-left: 30px;\">44. &#8222;Polska Szko\u0142a Nauczania Przedmiot\u00f3w Ojczystych im. \u015bw. Stanis\u0142awa Kostki&#8221; <strong>Julita Perlikowska &#8211; Tomasik<\/strong> \u2013 W. Brytania<\/p>\n<ul>\n<li><a href=\"http:\/\/www.polskaszkolamanchester.org\/\">link do strony<\/a><\/li>\n<\/ul>\n<p style=\"padding-left: 30px;\">45. Polska Macierz Szkolna <strong>Halina Stochniol<\/strong> \u2013 W. Brytania<\/p>\n<ul>\n<li><a href=\"http:\/\/www.polskamacierz.org\/\">link do strony<\/a><\/li>\n<\/ul>\n<p style=\"padding-left: 30px;\">46. Polska Macierz Szkolna <strong>\u017baneta Sterna<\/strong> \u2013 W. Brytania<\/p>\n<ul>\n<li><a href=\"http:\/\/www.polskamacierz.org\/\">link do strony<\/a><\/li>\n<\/ul>\n<p style=\"padding-left: 30px;\">47. Og\u00f3lnokrajowa Szko\u0142a Polska na W\u0119grzech <strong>Ewa R\u00f3nay<\/strong> \u2013 W\u0119gry<\/p>\n<ul>\n<li><a href=\"http:\/\/polonia.hu\/index.php?option=com_content&amp;view=article&amp;id=32&amp;Itemid=40\">link do strony<\/a><\/li>\n<\/ul>\n<p style=\"padding-left: 30px;\">48. Kongres Polak\u00f3w w Rosji, Komisja O\u015bwiaty <strong>Halina Subotowicz &#8211; Romanowa<\/strong> \u2013 Rosja<\/p>\n<ul>\n<li>link do strony<\/li>\n<\/ul>\n<p><!--:--><\/p>\n","protected":false},"excerpt":{"rendered":"<p>Lista delegat\u00f3w obecnych na Zje\u017adzie Za\u0142o\u017cycielskim KOP: 1. Federacja Polskich Organizacji w Wiktorii Bo\u017cena Iwanowski \u2013 Australia link do strony 2. &#8222;Szkolny Punkt Konsultacyjny im. Jana III Sobieskiego przy Ambasadzie RP w Wiedniu&#8221; Hanna Kaczmarczyk \u2013 Austria link do strony 3. Polskie Centrum Kszta\u0142cenia im. Jana Paw\u0142a II Teresa Arszagi vel Harszagi\u00a0\u2013 Belgia link do [&hellip;]<\/p>\n","protected":false},"author":1,"featured_media":0,"parent":93,"menu_order":0,"comment_status":"closed","ping_status":"open","template":"","meta":{"footnotes":""},"class_list":["post-154","page","type-page","status-publish","hentry"],"_links":{"self":[{"href":"https:\/\/www.kop-info.org\/index.php?rest_route=\/wp\/v2\/pages\/154"}],"collection":[{"href":"https:\/\/www.kop-info.org\/index.php?rest_route=\/wp\/v2\/pages"}],"about":[{"href":"https:\/\/www.kop-info.org\/index.php?rest_route=\/wp\/v2\/types\/page"}],"author":[{"embeddable":true,"href":"https:\/\/www.kop-info.org\/index.php?rest_route=\/wp\/v2\/users\/1"}],"replies":[{"embeddable":true,"href":"https:\/\/www.kop-info.org\/index.php?rest_route=%2Fwp%2Fv2%2Fcomments&post=154"}],"version-history":[{"count":0,"href":"https:\/\/www.kop-info.org\/index.php?rest_route=\/wp\/v2\/pages\/154\/revisions"}],"up":[{"embeddable":true,"href":"https:\/\/www.kop-info.org\/index.php?rest_route=\/wp\/v2\/pages\/93"}],"wp:attachment":[{"href":"https:\/\/www.kop-info.org\/index.php?rest_route=%2Fwp%2Fv2%2Fmedia&parent=154"}],"curies":[{"name":"wp","href":"https:\/\/api.w.org\/{rel}","templated":true}]}}