{"id":1309,"date":"2015-09-29T10:45:32","date_gmt":"2015-09-29T08:45:32","guid":{"rendered":"http:\/\/www.kop-pl.com\/?page_id=1309"},"modified":"2024-09-25T14:05:22","modified_gmt":"2024-09-25T14:05:22","slug":"historyczne-sklady-prezydium-kop","status":"publish","type":"page","link":"https:\/\/www.kop-info.org\/?page_id=1309","title":{"rendered":"Historyczne sk\u0142ady Prezydium KOP"},"content":{"rendered":"\n<p><strong>Historyczne sk\u0142ady Prezydium Kongresu O\u015bwiaty Polonijnej<\/strong><\/p>\n\n\n\n<p><strong>Zarz\u0105d od 2023  r.<\/strong>:<\/p>\n\n\n\n<ul class=\"wp-block-list\">\n<li>Prezes Wiktoria Laskowska \u2013 prezes \u017bytomierskiego Obwodowego Zwi\u0105zku Polak\u00f3w na Ukrainie;<\/li>\n\n\n\n<li>Wiceprezes El\u017cbieta Barrass \u2013 prezes Polskiej Macierzy Szkolnej w Wielkiej Brytanii;<\/li>\n\n\n\n<li>Wiceprezes Witalij Chmielewski \u2013 Zwi\u0105zek Polak\u00f3w w Kazachstanie;<\/li>\n\n\n\n<li>Cz\u0142onek Zarz\u0105du Teresa Arszagi vel Harszagi \u2013 dyrektor Polskiego Centrum Kszta\u0142cenia im. \u015bw. Jana Paw\u0142a II w Belgii;<\/li>\n\n\n\n<li>Cz\u0142onek Zarz\u0105du Krystyna Dzier\u017cy\u0144ska, prezes Stowarzyszenia Nauczycieli Szk\u00f3\u0142 Polskich na Litwie \u201eMacierz Szkolna\u201d;<\/li>\n\n\n\n<li>Cz\u0142onek Zarz\u0105du Aleksander Sielicki.<\/li>\n<\/ul>\n\n\n\n<p><strong>Komisja rewizyjna od 2023 r.:<\/strong><\/p>\n\n\n\n<ul class=\"wp-block-list\">\n<li>Teresa Szramek Zwi\u0105zek Polak\u00f3w w Kanadzie;<\/li>\n\n\n\n<li>Wanda Szatkowska prezes Zwi\u0105zku Polak\u00f3w na Ukrainie oddzia\u0142 w Netiszynie;<\/li>\n\n\n\n<li>Ewa Piacientile Prezes International Institute of Polish Culture in Padua<\/li>\n<\/ul>\n\n\n\n<p><strong>Zarz\u0105d <\/strong><strong>201<\/strong><strong>8<\/strong><strong>-2023<\/strong><\/p>\n\n\n\n<ul class=\"wp-block-list\">\n<li>Prezes: dr Jolanta Tatara \u2013 USA<\/li>\n\n\n\n<li>Wiceprezes: Anna Dunajewski&nbsp;\u2013 USA<\/li>\n\n\n\n<li>Wiceprezes: Agnieszka Zaj\u0105c \u2013 &nbsp;Czechy<\/li>\n\n\n\n<li>Cz\u0142onek Zarz\u0105du: Hanna Sand \u2013 Norwegia<\/li>\n\n\n\n<li>Cz\u0142onek Zarz\u0105du: Ewa Mi\u017cejewska \u2013 Niemcy<\/li>\n\n\n\n<li>Sekretarz: Iwona Malinowski \u2013 &nbsp;Kanada<\/li>\n<\/ul>\n\n\n\n<p><strong>Zarz\u0105d <\/strong><strong>2015-2018:<\/strong><\/p>\n\n\n\n<ul class=\"wp-block-list\">\n<li>Prezydent: Jolanta Tatara \u2013 USA<\/li>\n\n\n\n<li>wiceprezydent: Tomasz Karawajczyk \u2013 Holandia\/ Niemcy<\/li>\n\n\n\n<li>wiceprezydent: Anna Dunajewski \u2013 USA<\/li>\n\n\n\n<li>wiceprezydent: Miros\u0142aw Szejbak \u2013 Litwa<\/li>\n\n\n\n<li>Sekretarz: Iwona Malinowski \u2013 Kanada<\/li>\n\n\n\n<li>Skarbnik: Agnieszka Zaj\u0105c \u2013 Irlandia P\u00f3\u0142nocna<\/li>\n<\/ul>\n\n\n\n<p><strong>Komisja rewizyjna<\/strong><strong> <\/strong><strong>2015-2018<\/strong><strong>:<\/strong><\/p>\n\n\n\n<ul class=\"wp-block-list\">\n<li>Przewodnicz\u0105cy&nbsp;<strong>Renata Kaczmarek&nbsp;<\/strong>\u2013 Niemcy<\/li>\n\n\n\n<li>Cz\u0142onkowie:&nbsp;<strong>\u017baneta Brudzi\u0144ska<\/strong>&nbsp;\u2013 Wielka Brytania<\/li>\n\n\n\n<li>Cz\u0142onkowie:&nbsp;<strong>Agnieszka Lonska<\/strong>&nbsp;\u2013 Holandia<\/li>\n\n\n\n<li>Przewodnicz\u0105cy&nbsp;<strong>Renata Kaczmarek&nbsp;<\/strong>\u2013 Niemcy<\/li>\n<\/ul>\n\n\n\n<ul class=\"wp-block-list\">\n<li>Cz\u0142onkowie:&nbsp;<strong>\u017baneta Brudzi\u0144ska<\/strong>&nbsp;\u2013 Wielka Brytania<\/li>\n\n\n\n<li>Cz\u0142onkowie:&nbsp;<strong>Agnieszka Lonska<\/strong>&nbsp;\u2013 Holandia<\/li>\n<\/ul>\n\n\n\n<p><strong>Zarz\u0105d <\/strong><strong>2012-2015:<\/strong><\/p>\n\n\n\n<ul class=\"wp-block-list\">\n<li>Prezydent: Jacek Jurkowski \u2013 Szwecja<\/li>\n\n\n\n<li>wiceprezydent: Jolanta Tatara \u2013 USA<\/li>\n\n\n\n<li>wiceprezydent: J\u00f3zef Kwiatkowski \u2013 Litwa<\/li>\n\n\n\n<li>wiceprezydent: Ewa R\u00f3nay \u2013 W\u0119gry<\/li>\n\n\n\n<li>Sekretarz: Tomasz Karawajczyk \u2013 Holandia<\/li>\n\n\n\n<li>Skarbnik: Marta Szutkowska-Kiszkiel \u2013 Irlandia<\/li>\n\n\n\n<li>Przewodnicz\u0105cy&nbsp;<strong>Anna Dunajewski&nbsp;<\/strong>\u2013 USA<\/li>\n\n\n\n<li>Cz\u0142onkowie:&nbsp;<strong>Barbara Rejak&nbsp;<\/strong>\u2013 Niemcy<\/li>\n\n\n\n<li>Cz\u0142onkowie:&nbsp;<strong>Roman Miedzianog\u00f3ra&nbsp;<\/strong>\u2013 Dania<\/li>\n<\/ul>\n\n\n\n<p><strong>Komisja rewizyjna:<\/strong> <strong>2012-2015<\/strong><\/p>\n\n\n\n<ul class=\"wp-block-list\">\n<li>Przewodnicz\u0105cy&nbsp;<strong>Anna Dunajewski&nbsp;<\/strong>\u2013 USA<\/li>\n\n\n\n<li>Cz\u0142onkowie:&nbsp;<strong>Barbara Rejak&nbsp;<\/strong>\u2013 Niemcy<\/li>\n\n\n\n<li>Cz\u0142onkowie:&nbsp;<strong>Roman Miedzianog\u00f3ra&nbsp;<\/strong>\u2013 Dania<\/li>\n<\/ul>\n\n\n\n<p><strong>Kadencja 2008-2012<\/strong><\/p>\n\n\n\n<p><strong>Prezydium&nbsp;Kongresu O\u015bwiaty Polonijnej&nbsp;<\/strong><\/p>\n\n\n\n<p>1. Prezydent: dr Jolanta Tatara \u2013 USA<\/p>\n\n\n\n<p>2. Wiceprezydent: Tomasz Karawajczyk \u2013 Niemcy<\/p>\n\n\n\n<p>3. Wiceprezydent: Anna Dunajewski \u2013 USA<\/p>\n\n\n\n<p>4. Wiceprezydent: Miros\u0142aw Szejbak \u2013 Litwa<\/p>\n\n\n\n<p>5. Sekretarz: Iwona Malinowski \u2013 Kanada<\/p>\n\n\n\n<p><strong>Rada Naczelna:<\/strong><\/p>\n\n\n\n<p>1. Bo\u017cena Iwanowski \u2013 Australia<\/p>\n\n\n\n<p>2. Andrzej Russ \u2013 Czechy<\/p>\n\n\n\n<p>3. Teresa Arszagi vel Harszagi \u2013 Belgia<\/p>\n\n\n\n<p>4. Stanis\u0142aw Sienkiewicz \u2013 Bia\u0142oru\u015b<\/p>\n\n\n\n<p>5. Danuta Lemoyne \u2013 Francja<\/p>\n\n\n\n<p>6. Nina Demetradze \u2013 Gruzja<\/p>\n\n\n\n<p>7. Marta Szutkowska-Kiszkiel \u2013 Irlandia<\/p>\n\n\n\n<p>8. Jaros\u0142aw Narkiewicz \u2013 Litwa<\/p>\n\n\n\n<p>9. Gertruda Grawe \u2013 \u0141otwa<\/p>\n\n\n\n<p>10. Halina Koblenzer \u2013 Niemcy<\/p>\n\n\n\n<p>11. Ma\u0142gorzata Tuszy\u0144ska \u2013 Niemcy<\/p>\n\n\n\n<p>12. dr Maria Ma\u0142asznicka Miedzianog\u00f3ra \u2013<\/p>\n\n\n\n<p>Nordycka Unia O\u015bwiaty Polonijnej<\/p>\n\n\n\n<p>13. Hanna Sand \u2013 Norwegia<\/p>\n\n\n\n<p>14. Halina Romanowa \u2013 Rosja<\/p>\n\n\n\n<p>15. dr Dorota Andraka \u2013 USA<\/p>\n\n\n\n<p>16. Lucyna Lis \u2013 USA<\/p>\n\n\n\n<p>17. Ma\u0142gorzata Zaj\u0105czkowska \u2013 Wielka Brytania<\/p>\n\n\n\n<p>18. Jacek Jurkowski \u2013 Szwecja<\/p>\n\n\n\n<p>19. Ewa Ronay \u2013 W\u0119gry<\/p>\n\n\n\n<p>20. Beata Katarzyna Grzech \u2013 Hiszpania<\/p>\n\n\n\n<p>21. dr Jola Tatara \u2013 (Prezydium)<\/p>\n\n\n\n<p>22. Tomasz Karawajczyk \u2013 (Prezydium)<\/p>\n\n\n\n<p>23. Anna Dunajewski \u2013 (Prezydium)<\/p>\n\n\n\n<p>24. Miros\u0142aw Szejbak \u2013 (Prezydium)<\/p>\n\n\n\n<p>25. Iwona Malinowski \u2013 (Prezydium)<\/p>\n\n\n\n<p>26. Agnieszka Zaj\u0105c \u2013 (Prezydium)<\/p>\n\n\n\n<p><strong>Komisja Rewizyjna<\/strong><strong>:<\/strong><\/p>\n\n\n\n<p>1. Renata Kaczmarek \u2013 Niemcy Przewodnicz\u0105ca<\/p>\n\n\n\n<p>2. \u017baneta Brudzi\u0144ska \u2013 Wielka Brytania<\/p>\n\n\n\n<p>3. Agnieszka Lonska \u2013 Holandia<\/p>\n\n\n\n<p><strong>Organizacje cz\u0142onkowskie<\/strong><\/p>\n\n\n\n<p><strong>Organizacje cz\u0142onkowskie<\/strong><\/p>\n\n\n\n<ol start=\"1\" class=\"wp-block-list\">\n<li>ANGLIA Szko\u0142a Przedmiot\u00f3w Ojczystych \u201cPolska Szko\u0142a Nauczania Przedmiot\u00f3w Ojczystych im. \u015bw. Stanis\u0142awa Kostki\u201d \u2013 W. Brytania<\/li>\n\n\n\n<li>ANGLIA Polska Macierz Szkolna<\/li>\n\n\n\n<li>AUSTRALIA Federacja Polskich Organizacji w Wiktorii<\/li>\n\n\n\n<li>BELGIA Polskie Centrum Kszta\u0142cenia im. Jana Paw\u0142a II<\/li>\n\n\n\n<li>BIA\u0141ORU\u015a Polska Macierz Szkolna na Bia\u0142orusi<\/li>\n\n\n\n<li>BIA\u0141ORU\u015a Zwi\u0105zku Polak\u00f3w na Bia\u0142orusi<\/li>\n\n\n\n<li>CZECHY Polski Zwi\u0105zek Kulturalno O\u015bwiatowy<\/li>\n\n\n\n<li>CZECHY Towarzystwo Nauczycieli Polskich w Republice Czeskiej<\/li>\n\n\n\n<li>CZECHY Macierz Szkolna W Republice Czeskiej<\/li>\n\n\n\n<li>DANIA Towarzystwo Krzewienia O\u015bwiaty Polskiej w Danii im. Adama Sok\u00f3lskiego<\/li>\n\n\n\n<li>FRANCJA ECOLE NOVA POLSKA im. Stanis\u0142awa Leszczy\u0144skiego<\/li>\n\n\n\n<li>GRUZJA Polska Szko\u0142a im. \u015bw. Kr\u00f3lowej Jadwigi w Tbilisi<\/li>\n\n\n\n<li>HISZPANIA Hiszpa\u0144sko-Polskie Stowarzyszenie Kulturalne \u201cFORUM\u201d<\/li>\n\n\n\n<li>HOLANDIA Forum Polskich Szk\u00f3\u0142<\/li>\n\n\n\n<li>IRLANDIA Polska Macierz Szkolna<\/li>\n\n\n\n<li>IRLANDIA P\u00d3\u0141NOCNA Polska Szko\u0142a Sobotnia Ballymena<\/li>\n\n\n\n<li>KANADA Zwi\u0105zek Nauczycielstwa Polskiego w Kanadzie<\/li>\n\n\n\n<li>KANADA Zwi\u0105zek Polak\u00f3w w Kanadzie<\/li>\n\n\n\n<li>KATAR Szko\u0142a Polska w Katarze im. Witolda Pileckiego<\/li>\n\n\n\n<li>KAZACHSTAN Zwi\u0105zek Polak\u00f3w Kazachstanu<\/li>\n\n\n\n<li>LITWA Stowarzyszenie Nauczycieli Szk\u00f3\u0142 Polskich na Litwie \u201eMacierz Szkolna\u201d<\/li>\n\n\n\n<li>LITWA Forum Rodzic\u00f3w Szk\u00f3\u0142 Polskich na Litwie<\/li>\n\n\n\n<li>\u0141OTWA Pa\u0144stwowe Gimnazjum Polskie im. J. Pi\u0142sudskiego w Daugavpils<\/li>\n\n\n\n<li>NIEMCY \u201cChrze\u015bcija\u0144skie Centrum Krzewienia Kultury, Tradycji i J\u0119zyka Polskiego \u00a0Niemczech e.v.:\u201d<\/li>\n\n\n\n<li>NIEMCY Zwi\u0105zek Nauczycieli J\u0119zyka Polskiego i Pedagog\u00f3w w Niemczech<\/li>\n\n\n\n<li>NIEMCY Polska Macierz Szkolna w Niemczech t.z.<\/li>\n\n\n\n<li>NIEMCY Polskie Towarzystwo Szkolne \u201eO\u015bwiata\u201d T.z. w Berlinie \u2013 Niemcy<\/li>\n\n\n\n<li>NIEMCY Polska Rada w Berlinie Zwi\u0105zek Krajowy,<\/li>\n\n\n\n<li>Polsko-Niemiecka Szko\u0142a Europejska\u201d \u2013 Niemcy<\/li>\n\n\n\n<li>NIEMCY Zwi\u0105zek Polak\u00f3w w Niemczech \u201cRod\u0142o\u201d<\/li>\n\n\n\n<li>NORWEGIA Polska Szkola Sobotnia im. B\u0142. Jana Pawla II, Polsk L\u00f8rdagsskole<\/li>\n\n\n\n<li>NUOP Nordycka Unia O\u015bwiaty Polonijnej \u2013 Dania<\/li>\n\n\n\n<li>ROSJA Kongres Polak\u00f3w w Rosji, Komisja O\u015bwiaty<\/li>\n\n\n\n<li>ROSJA Polskie Centrum Narodowo-Kulturalnego \u201eJedno\u015b\u0107\u201d.<\/li>\n\n\n\n<li>SZWECJA Zwi\u0105zek Nauczycieli Polskich w Szwecji<\/li>\n\n\n\n<li>SZWECJA Europejska Unia Wsp\u00f3lnot Polonijnych, Komisja O\u015bwiaty<\/li>\n\n\n\n<li>SZWAJCARIA Polska Szko\u0142a im. I.J. Paderewskiego w Bazylei<\/li>\n\n\n\n<li>USA Centrala Polskich Szk\u00f3\u0142 Dokszta\u0142caj\u0105cych<\/li>\n\n\n\n<li>USA Zrzeszenie Nauczycieli Polskich w Ameryce<\/li>\n\n\n\n<li>USA Kongres Polonii Amryka\u0144skiej<\/li>\n\n\n\n<li>USA Academic Quality Coucil<\/li>\n\n\n\n<li>USA Polska Szko\u0142a im. Jana Matejki<\/li>\n\n\n\n<li>USA Akademia J\u0119zyka Polskiego w Manchester<\/li>\n\n\n\n<li>USA Dyrektor CPSD Gniazda 946 Soko\u0142\u00f3w w Bound Brook<\/li>\n\n\n\n<li>USA Polska Szko\u0142a im. Czes\u0142awa Mi\u0142osza<\/li>\n\n\n\n<li>UKRAINA Chmielnicki Oddzia\u0142 Zwi\u0105zku Nauczycieli Polskich Ukrainy<\/li>\n\n\n\n<li>UKRAINA \u017bytomierski Obwodowy Zwi\u0105zek Polak\u00f3w na Ukrainie<\/li>\n\n\n\n<li>UKRAINA Zwi\u0105zek Polak\u00f3w na Ukrainie oddzia\u0142 w Netiszynie<\/li>\n\n\n\n<li>UKRAINA KOC im.J.S\u0142owackiego Chmielnicki<\/li>\n\n\n\n<li>W\u0118GRY Og\u00f3lnokrajowa Szko\u0142a Polska na W\u0119grzech<\/li>\n\n\n\n<li>W\u0141OCHY Iter. Inst. Polish Culture Padowa<\/li>\n<\/ol>\n","protected":false},"excerpt":{"rendered":"<p>Historyczne sk\u0142ady Prezydium Kongresu O\u015bwiaty Polonijnej Zarz\u0105d od 2023 r.: Komisja rewizyjna od 2023 r.: Zarz\u0105d 2018-2023 Zarz\u0105d 2015-2018: Komisja rewizyjna 2015-2018: Zarz\u0105d 2012-2015: Komisja rewizyjna: 2012-2015 Kadencja 2008-2012 Prezydium&nbsp;Kongresu O\u015bwiaty Polonijnej&nbsp; 1. Prezydent: dr Jolanta Tatara \u2013 USA 2. Wiceprezydent: Tomasz Karawajczyk \u2013 Niemcy 3. Wiceprezydent: Anna Dunajewski \u2013 USA 4. Wiceprezydent: Miros\u0142aw Szejbak [&hellip;]<\/p>\n","protected":false},"author":1,"featured_media":0,"parent":179,"menu_order":0,"comment_status":"closed","ping_status":"closed","template":"","meta":{"footnotes":""},"class_list":["post-1309","page","type-page","status-publish","hentry"],"_links":{"self":[{"href":"https:\/\/www.kop-info.org\/index.php?rest_route=\/wp\/v2\/pages\/1309"}],"collection":[{"href":"https:\/\/www.kop-info.org\/index.php?rest_route=\/wp\/v2\/pages"}],"about":[{"href":"https:\/\/www.kop-info.org\/index.php?rest_route=\/wp\/v2\/types\/page"}],"author":[{"embeddable":true,"href":"https:\/\/www.kop-info.org\/index.php?rest_route=\/wp\/v2\/users\/1"}],"replies":[{"embeddable":true,"href":"https:\/\/www.kop-info.org\/index.php?rest_route=%2Fwp%2Fv2%2Fcomments&post=1309"}],"version-history":[{"count":6,"href":"https:\/\/www.kop-info.org\/index.php?rest_route=\/wp\/v2\/pages\/1309\/revisions"}],"predecessor-version":[{"id":3575,"href":"https:\/\/www.kop-info.org\/index.php?rest_route=\/wp\/v2\/pages\/1309\/revisions\/3575"}],"up":[{"embeddable":true,"href":"https:\/\/www.kop-info.org\/index.php?rest_route=\/wp\/v2\/pages\/179"}],"wp:attachment":[{"href":"https:\/\/www.kop-info.org\/index.php?rest_route=%2Fwp%2Fv2%2Fmedia&parent=1309"}],"curies":[{"name":"wp","href":"https:\/\/api.w.org\/{rel}","templated":true}]}}