{"id":1210,"date":"2015-09-02T09:00:53","date_gmt":"2015-09-02T07:00:53","guid":{"rendered":"http:\/\/www.kop-pl.com\/?page_id=1210"},"modified":"2015-09-02T09:00:53","modified_gmt":"2015-09-02T07:00:53","slug":"delegaci-2015","status":"publish","type":"page","link":"https:\/\/www.kop-info.org\/?page_id=1210","title":{"rendered":"DELEGACI 2015"},"content":{"rendered":"<p>DELEGACI na II Zje\u017adzie KOP w Krakowie<\/p>\n<p>imi\u0119 nazwisko, kraj, organizacja,<\/p>\n<ol>\n<li>dr <strong>Dorota Andraka<\/strong> \u2013 USA <em>Centrala Polskich Szk\u00f3\u0142 Dokszta\u0142caj\u0105cych w Ameryce<\/em><\/li>\n<li><strong>Teresa Arszagi<\/strong> \u2013 Belgia <em>Polskie Centrum Kszta\u0142cenia im. Jana Paw\u0142a II<\/em><\/li>\n<li><strong>Justyna Bonikowska<\/strong> \u2013 Niemcy <em>Zwi\u0105zek Nauczycieli J\u0119zyka Polskiego i Pedagog\u00f3w w Niemczech<\/em><\/li>\n<li><strong>\u017baneta Brudzi\u0144ska<\/strong> \u2013 Wielka Brytania <em>Polska Macierz Szkolna Londyn<\/em><\/li>\n<li><strong>Witalij Chmielewski<\/strong> \u2013 Kazachstan <em>Zwi\u0105zek Polak\u00f3w w\u200b \u200bKazachstanie<\/em><\/li>\n<li><strong>Anna Dunajewski<\/strong> \u2013 USA <em>Polska Szko\u0142a im. Czes\u0142awa Milosza<\/em><\/li>\n<li><strong>Beata Katarzyna Grzech<\/strong> \u2013 Hiszpania <em>Hiszpa\u0144sko Polskie Stowarzyszenie Kulturalne FORUM<\/em><\/li>\n<li><strong>Jacek Jurkowski<\/strong> \u2013 Szwecja <em>Zwi\u0105zek Nauczycieli Polskich w Szwecji<\/em><\/li>\n<li><strong>Renata Kaczmarek<\/strong> \u2013 Niemcy <em>Zwi\u0105zek Nauczycieli J\u0119zyka Polskiego i Pedagog\u00f3w w Niemczech<\/em><\/li>\n<li><strong>Tomasz Karawajczyk<\/strong> \u2013 Holandia <em>Forum Polskich Szk\u00f3\u0142 w Holandii<\/em>\/ Niemcy <em>Chrze\u015bcija\u0144skie \u201eCentrum\u201d w Niemczech<\/em><\/li>\n<li><strong>Ewa Koch<\/strong> \u2013 USA <em>Zrzeszenie Nauczycieli Polskich w Ameryce<\/em><\/li>\n<li><strong>Danuta Lemoyne<\/strong> \u2013 Francja <em>ECOLE NOVA POLSKA im. Stanis\u0142awa Leszczy\u0144skiego<\/em><\/li>\n<li><strong>Agnieszka Lonska<\/strong> \u2013 Holandia <em>Forum Polskich Szk\u00f3\u0142 w Holandii<\/em><\/li>\n<li><strong>Lucyna Lis<\/strong> \u2013 USA<em> <em>Centrala Polskich Szk\u00f3\u0142 Dokszta\u0142caj\u0105cych w Ameryce<\/em><\/em><\/li>\n<li><strong>Iwona Malinowski<\/strong> \u2013 Kanada <em>Zwi\u0105zek Nauczycieli Polskich w Kanadzie\u200b \u200b<\/em><\/li>\n<li><strong>Josef Malinowski<\/strong> \u2013 Niemcy <em>Zwi\u0105zek Polak\u00f3w w Niemczech \u201cRod\u0142o\u201d<\/em><\/li>\n<li>dr <strong>Maria Ma\u0142a\u015bnicka Miedzianog\u00f3ra<\/strong> \u2013 NUOP<\/li>\n<li><strong>Roman Miedzianog\u00f3ra<\/strong> \u2013 Dania <em>Towarzystwo Krzewienia O\u015bwiaty Polskiej w Danii im. Adama Sok\u00f3lskiego<\/em><\/li>\n<li><strong>Maria Pa\u017adzior-Marchwi\u0144ski<\/strong> \u2013 USA\u00a0<em>Centrala Polskich Szk\u00f3\u0142 Dokszta\u0142caj\u0105cych w Ameryce<\/em><\/li>\n<li><strong>Ewa Mi\u017cejewska<\/strong> \u2013 Niemcy <em>Polska Macierz Szkolna w Niemczech<\/em><\/li>\n<li><strong>Ewa Piacentile<\/strong> \u2013 W\u0142ochy <em>Iter. Inst. Polish Culture Padowa<\/em><\/li>\n<li><strong>Barbara Rejak<\/strong> \u2013 Niemcy <em>Polskie Towarzystwo Szkolne \u201eO\u015bwiata\u201d T.z. w Berlinie<\/em><\/li>\n<li><strong>Ewa Ronay<\/strong> \u2013 W\u0119gry <em>Szko\u0142a Polska<\/em><\/li>\n<li><strong>Andrzej Russ<\/strong> \u2013 Czechy <em>Macierz Szkolna w Republice Czeskiej<\/em><\/li>\n<li>dr <strong>Jolanta Tatara<\/strong> \u2013 USA <em>Zrzeszenie Nauczycieli Polskich Chicago<\/em><\/li>\n<li><strong>Anna Tracz<\/strong> \u2013 USA <em>Centrala Polskich Szk\u00f3\u0142 Dokszta\u0142caj\u0105cych w Ameryce<\/em><\/li>\n<li><strong>Hanna Sand<\/strong> \u2013 Norwegia P<em>olska Szko\u0142a Sobotnia im. Bl. Jana Pawla II, Polsk L\u00f8rdagsskole<\/em><\/li>\n<li><strong>Irena Saszko<\/strong> \u2013 Ukraina <em>Chmielnicki Oddzia\u0142 zwi\u0105zku Nauczycieli Polskich Ukrainy<\/em><\/li>\n<li><strong>Helena So\u0142tys<\/strong> \u2013 USA <em>Zrzeszenie Nauczycieli Polskich w Ameryce<\/em><\/li>\n<li><strong>Miros\u0142aw Szejbak<\/strong> \u2013 Litwa<em> Forum Rodzic\u00f3w Szk\u00f3\u0142 Polskich na Litwie<\/em><\/li>\n<li><strong>Marta Szutkowska-Kiszkiel<\/strong> \u2013 Irlandia <em>Polska Macierz Szkolna w Irlandii<\/em><\/li>\n<li><strong>Agnieszka Zaj\u0105c<\/strong> \u2013 Irlandia <em>Polska Szko\u0142a Sobotnia Ballymena<\/em><\/li>\n<li><strong>Ma\u0142gorzata Zaj\u0105czkowska<\/strong> \u2013 Wielka Brytania <em>Przewodnicz\u0105c a Rady Polskiej Macierzy Szkolnej w UK<\/em><\/li>\n<li><strong>Hanna Walas<\/strong> \u2013 USA <em>Polska Szko\u0142a im. Jana Matejki<\/em><\/li>\n<li>Go\u015b\u0107 zaproszony na inauguracj\u0119 II Zjazdu KOP \u200b<strong>Angelika Borys<\/strong> \u2013 Bia\u0142oru\u015b\u200b <em>Zwi\u0105zek Polak\u00f3w na Bia\u0142orusi\u200b<\/em><\/li>\n<\/ol>\n","protected":false},"excerpt":{"rendered":"<p>DELEGACI na II Zje\u017adzie KOP w Krakowie imi\u0119 nazwisko, kraj, organizacja, dr Dorota Andraka \u2013 USA Centrala Polskich Szk\u00f3\u0142 Dokszta\u0142caj\u0105cych w Ameryce Teresa Arszagi \u2013 Belgia Polskie Centrum Kszta\u0142cenia im. Jana Paw\u0142a II Justyna Bonikowska \u2013 Niemcy Zwi\u0105zek Nauczycieli J\u0119zyka Polskiego i Pedagog\u00f3w w Niemczech \u017baneta Brudzi\u0144ska \u2013 Wielka Brytania Polska Macierz Szkolna Londyn Witalij [&hellip;]<\/p>\n","protected":false},"author":1,"featured_media":0,"parent":1007,"menu_order":0,"comment_status":"closed","ping_status":"closed","template":"","meta":{"footnotes":""},"class_list":["post-1210","page","type-page","status-publish","hentry"],"_links":{"self":[{"href":"https:\/\/www.kop-info.org\/index.php?rest_route=\/wp\/v2\/pages\/1210"}],"collection":[{"href":"https:\/\/www.kop-info.org\/index.php?rest_route=\/wp\/v2\/pages"}],"about":[{"href":"https:\/\/www.kop-info.org\/index.php?rest_route=\/wp\/v2\/types\/page"}],"author":[{"embeddable":true,"href":"https:\/\/www.kop-info.org\/index.php?rest_route=\/wp\/v2\/users\/1"}],"replies":[{"embeddable":true,"href":"https:\/\/www.kop-info.org\/index.php?rest_route=%2Fwp%2Fv2%2Fcomments&post=1210"}],"version-history":[{"count":0,"href":"https:\/\/www.kop-info.org\/index.php?rest_route=\/wp\/v2\/pages\/1210\/revisions"}],"up":[{"embeddable":true,"href":"https:\/\/www.kop-info.org\/index.php?rest_route=\/wp\/v2\/pages\/1007"}],"wp:attachment":[{"href":"https:\/\/www.kop-info.org\/index.php?rest_route=%2Fwp%2Fv2%2Fmedia&parent=1210"}],"curies":[{"name":"wp","href":"https:\/\/api.w.org\/{rel}","templated":true}]}}