{"id":1134,"date":"2023-07-28T15:51:00","date_gmt":"2023-07-28T15:51:00","guid":{"rendered":"http:\/\/www.kop-pl.com\/?page_id=1134"},"modified":"2024-09-17T11:42:19","modified_gmt":"2024-09-17T11:42:19","slug":"press-room","status":"publish","type":"page","link":"https:\/\/www.kop-info.org\/?page_id=1134","title":{"rendered":"Press room"},"content":{"rendered":"\n<p><strong>Nowe w\u0142adze Kongresu O\u015bwiaty Polonijnej<\/strong><\/p>\n\n\n\n<p><strong>2 lipca 2023 r. w Krakowie odby\u0142 si\u0119 V Zjazd Kongresu O\u015bwiaty Polonijnej. Walne Zebranie Cz\u0142onk\u00f3w wybra\u0142o nowych cz\u0142onk\u00f3w Zarz\u0105du i Komisji Rewizyjnej. Prezesem zosta\u0142a Wiktoria Laskowska-Szczur.<\/strong><\/p>\n\n\n\n<p>W Zje\u017adzie wzi\u0119\u0142o udzia\u0142 21 delegat\u00f3w (31 g\u0142os z uprawnieniami), reprezentuj\u0105cych 54 cz\u0142onk\u00f3w stowarzyszenia Kongres O\u015bwiaty Polonijnej rozsianych po ca\u0142ym \u015bwiecie. Delegaci udzielili dotychczasowym w\u0142adzom: prezesowi Zarz\u0105du, cz\u0142onkom Zarz\u0105du i Komisji Rewizyjnej absolutorium oraz podzi\u0119kowali za wysi\u0142ek w\u0142o\u017cony w realizacj\u0119 zada\u0144 Kongresu.<\/p>\n\n\n\n<figure class=\"wp-block-gallery has-nested-images columns-default is-cropped wp-block-gallery-1 is-layout-flex wp-block-gallery-is-layout-flex\">\n<figure class=\"wp-block-image size-large\"><img loading=\"lazy\" decoding=\"async\" width=\"1024\" height=\"768\" data-id=\"3529\" src=\"https:\/\/www.kop-info.org\/wp-content\/uploads\/2024\/09\/IMG-3163-1-1024x768.jpg\" alt=\"\" class=\"wp-image-3529\" srcset=\"https:\/\/www.kop-info.org\/wp-content\/uploads\/2024\/09\/IMG-3163-1-1024x768.jpg 1024w, https:\/\/www.kop-info.org\/wp-content\/uploads\/2024\/09\/IMG-3163-1-300x225.jpg 300w, https:\/\/www.kop-info.org\/wp-content\/uploads\/2024\/09\/IMG-3163-1-768x576.jpg 768w, https:\/\/www.kop-info.org\/wp-content\/uploads\/2024\/09\/IMG-3163-1-1536x1152.jpg 1536w, https:\/\/www.kop-info.org\/wp-content\/uploads\/2024\/09\/IMG-3163-1-2048x1536.jpg 2048w\" sizes=\"(max-width: 1024px) 100vw, 1024px\" \/><\/figure>\n<\/figure>\n\n\n\n<p>W tajnym g\u0142osowaniu zosta\u0142y wybrane na czteroletni\u0105 kadencj\u0119 nowe w\u0142adze stowarzyszenia. Prezes KOP zosta\u0142a Wiktoria Laskowska-Szczur, prezes \u017bytomierskiego Obwodowego Zwi\u0105zku Polak\u00f3w na Ukrainie. Stanowiska wiceprezes\u00f3w obj\u0119li El\u017cbieta Barrass, prezes Polskiej Macierzy Szkolnej w Wielkiej Brytanii, i Witalij Chmielewski, prezes Zwi\u0105zku Polak\u00f3w w Kazachstanie. Do Zarz\u0105du KOP weszli jeszcze Teresa Arszagi vel Harszagi, dyrektor Polskiego Centrum Kszta\u0142cenia im. \u015bw. Jana Paw\u0142a II w Belgii, Krystyna Dzier\u017cy\u0144ska, prezes Stowarzyszenia Nauczycieli Szk\u00f3\u0142 Polskich na Litwie \u201eMacierz Szkolna\u201d, i Aleksander Sielicki, prezes Zwi\u0105zku Organizacji Polskich \u201e Jedno\u015b\u0107\u201d oraz Krasnodarskiej Organizacji Regionalnej Polskie Centrum Narodowo-Kulturalne \u201e Jedno\u015b\u0107\u201d.<\/p>\n\n\n\n<figure class=\"wp-block-gallery has-nested-images columns-default is-cropped wp-block-gallery-2 is-layout-flex wp-block-gallery-is-layout-flex\">\n<figure class=\"wp-block-image size-large\"><img loading=\"lazy\" decoding=\"async\" width=\"1024\" height=\"768\" data-id=\"3528\" src=\"https:\/\/www.kop-info.org\/wp-content\/uploads\/2024\/09\/IMG-3162-1024x768.jpg\" alt=\"\" class=\"wp-image-3528\" srcset=\"https:\/\/www.kop-info.org\/wp-content\/uploads\/2024\/09\/IMG-3162-1024x768.jpg 1024w, https:\/\/www.kop-info.org\/wp-content\/uploads\/2024\/09\/IMG-3162-300x225.jpg 300w, https:\/\/www.kop-info.org\/wp-content\/uploads\/2024\/09\/IMG-3162-768x576.jpg 768w, https:\/\/www.kop-info.org\/wp-content\/uploads\/2024\/09\/IMG-3162-1536x1152.jpg 1536w, https:\/\/www.kop-info.org\/wp-content\/uploads\/2024\/09\/IMG-3162-2048x1536.jpg 2048w\" sizes=\"(max-width: 1024px) 100vw, 1024px\" \/><\/figure>\n<\/figure>\n\n\n\n<p>W Komisji Rewizyjnej znale\u017ali si\u0119 Teresa Szramek, prezes Zwi\u0105zek Polak\u00f3w w Kanadzie, Wanda Szatkowska, prezes Zwi\u0105zek Polak\u00f3w na Ukrainie oddzia\u0142 w Netiszynie, i Ewa Piacentile, prezes International Institute of Polish Culture in Padua.<\/p>\n\n\n\n<p>Prezes KOP Wiktoria Laskowska-Szczur w imieniu w\u0142asnym i nowego Zarz\u0105du z\u0142o\u017cy\u0142a podzi\u0119kowania odchodz\u0105cym w\u0142adzom. Skierowa\u0142a do nich nast\u0119puj\u0105ce s\u0142owa: \u201eDzi\u0119kujemy poprzednim w\u0142adzom Stowarzyszenia \u00bbKongres O\u015bwiaty Polonijnej\u00ab za wykonany ogrom bezinteresownej pracy i spo\u0142ecznego zaanga\u017cowania. Za Pa\u0144stwa inicjatywy oraz za serce wk\u0142adane w t\u0119 tak potrzebn\u0105 nam wszystkim prac\u0119. Doceniamy Pa\u0144stwa zaanga\u017cowanie, kt\u00f3re po\u0142\u0105czy\u0142o o\u015bwiatow\u0105 Poloni\u0119 ca\u0142ego \u015bwiata, okre\u015bli\u0142o cele i kierunki dzia\u0142alno\u015bci. Dzi\u0119kujemy za przygotowanie i rejestracj\u0119 Stowarzyszenia, organizacj\u0119 corocznych kongres\u00f3w i warsztat\u00f3w metodycznych. Odwa\u017cnie wstawiali si\u0119 Pa\u0144stwo w obronie naszych koleg\u00f3w na Bia\u0142orusi i Litwie. Po\u0142o\u017cyli fundament dla dalszego rozwoju i dzia\u0142alno\u015bci KOP.<\/p>\n\n\n\n<figure class=\"wp-block-image size-large\"><img loading=\"lazy\" decoding=\"async\" width=\"768\" height=\"1024\" src=\"https:\/\/www.kop-info.org\/wp-content\/uploads\/2024\/09\/IMG-4345-768x1024.jpg\" alt=\"\" class=\"wp-image-3530\" srcset=\"https:\/\/www.kop-info.org\/wp-content\/uploads\/2024\/09\/IMG-4345-768x1024.jpg 768w, https:\/\/www.kop-info.org\/wp-content\/uploads\/2024\/09\/IMG-4345-225x300.jpg 225w, https:\/\/www.kop-info.org\/wp-content\/uploads\/2024\/09\/IMG-4345-1152x1536.jpg 1152w, https:\/\/www.kop-info.org\/wp-content\/uploads\/2024\/09\/IMG-4345-1536x2048.jpg 1536w, https:\/\/www.kop-info.org\/wp-content\/uploads\/2024\/09\/IMG-4345-scaled.jpg 1920w\" sizes=\"(max-width: 768px) 100vw, 768px\" \/><\/figure>\n\n\n\n<p>Bardzo doceniamy wieloletni\u0105 prac\u0119 cz\u0142onk\u00f3w Stowarzyszenia &#8222;Kongresu O\u015bwiaty Polonijnej&#8221; w wype\u0142nianiu najwa\u017cniejszego z zada\u0144 \u2212 wychowania dzieci i m\u0142odzie\u017cy w duchu narodowych tradycji i warto\u015bci. Dzi\u0119kujemy za krzewienie mowy ojczystej, kultury, upowszechnianie wiedzy o historii Polski, ochron\u0119 miejsc pami\u0119ci narodowej i polskich cmentarzy.<\/p>\n\n\n\n<p>Nowym w\u0142adzom Stowarzyszenia &#8222;Kongres O\u015bwiaty Polonijnej&#8221;, \u017cycz\u0119 sukces\u00f3w, mn\u00f3stwa satysfakcji z pracy oraz wytrwa\u0142o\u015bci w realizacji cel\u00f3w i zada\u0144.<\/p>\n\n\n\n<p>Zapraszamy wszystkich do wsp\u00f3lnej pracy dla dobra Polak\u00f3w i Polski, naszej wsp\u00f3lnej Ojczyzny\u201d.<\/p>\n\n\n\n<p>Prezes KOP Wiktoria Laskowska<\/p>\n\n\n\n<p><\/p>\n","protected":false},"excerpt":{"rendered":"<p>Nowe w\u0142adze Kongresu O\u015bwiaty Polonijnej 2 lipca 2023 r. w Krakowie odby\u0142 si\u0119 V Zjazd Kongresu O\u015bwiaty Polonijnej. Walne Zebranie Cz\u0142onk\u00f3w wybra\u0142o nowych cz\u0142onk\u00f3w Zarz\u0105du i Komisji Rewizyjnej. Prezesem zosta\u0142a Wiktoria Laskowska-Szczur. W Zje\u017adzie wzi\u0119\u0142o udzia\u0142 21 delegat\u00f3w (31 g\u0142os z uprawnieniami), reprezentuj\u0105cych 54 cz\u0142onk\u00f3w stowarzyszenia Kongres O\u015bwiaty Polonijnej rozsianych po ca\u0142ym \u015bwiecie. Delegaci udzielili [&hellip;]<\/p>\n","protected":false},"author":1,"featured_media":3528,"parent":0,"menu_order":0,"comment_status":"closed","ping_status":"open","template":"","meta":{"footnotes":""},"class_list":["post-1134","page","type-page","status-publish","has-post-thumbnail","hentry"],"_links":{"self":[{"href":"https:\/\/www.kop-info.org\/index.php?rest_route=\/wp\/v2\/pages\/1134"}],"collection":[{"href":"https:\/\/www.kop-info.org\/index.php?rest_route=\/wp\/v2\/pages"}],"about":[{"href":"https:\/\/www.kop-info.org\/index.php?rest_route=\/wp\/v2\/types\/page"}],"author":[{"embeddable":true,"href":"https:\/\/www.kop-info.org\/index.php?rest_route=\/wp\/v2\/users\/1"}],"replies":[{"embeddable":true,"href":"https:\/\/www.kop-info.org\/index.php?rest_route=%2Fwp%2Fv2%2Fcomments&post=1134"}],"version-history":[{"count":2,"href":"https:\/\/www.kop-info.org\/index.php?rest_route=\/wp\/v2\/pages\/1134\/revisions"}],"predecessor-version":[{"id":3532,"href":"https:\/\/www.kop-info.org\/index.php?rest_route=\/wp\/v2\/pages\/1134\/revisions\/3532"}],"wp:featuredmedia":[{"embeddable":true,"href":"https:\/\/www.kop-info.org\/index.php?rest_route=\/wp\/v2\/media\/3528"}],"wp:attachment":[{"href":"https:\/\/www.kop-info.org\/index.php?rest_route=%2Fwp%2Fv2%2Fmedia&parent=1134"}],"curies":[{"name":"wp","href":"https:\/\/api.w.org\/{rel}","templated":true}]}}