{"id":1007,"date":"2015-07-22T14:30:06","date_gmt":"2015-07-22T12:30:06","guid":{"rendered":"http:\/\/www.kop-pl.com\/?page_id=1007"},"modified":"2015-07-22T14:30:06","modified_gmt":"2015-07-22T12:30:06","slug":"zjazd-2015","status":"publish","type":"page","link":"https:\/\/www.kop-info.org\/?page_id=1007","title":{"rendered":"II Zjazd 2015"},"content":{"rendered":"<h4 class=\"entry-title\"><strong>II Zjazd KOP 17-19.07.2015<\/strong><\/h4>\n<p>Uczestnicy Kongresu O\u015bwiaty Polonijnej korzystali z go\u015bcinno\u015bci Centrum J\u0119zyka i Kultury Polskiej w \u015awiecie Uniwersytetu Jagiello\u0144skiego, kt\u00f3ry zapewni\u0142 nam zakwaterowanie i wy\u017cywienie. W kosztach wy\u017cywienia partycypowa\u0142o r\u00f3wnie\u017c Stowarzyszenie Wsp\u00f3lnota Polska Warszawa. Inauguracja i sesje KOP odbywa\u0142y si\u0119 Domu Polonii w Krakowie dzi\u0119ki go\u015bcinno\u015bci Stowarzyszenia Wsp\u00f3lnota Polska Oddzia\u0142 Krakowski.<\/p>\n<h4><strong>Pi\u0105tek Inauguracja<\/strong><\/h4>\n<div class=\"page\" title=\"Page 1\">\n<div class=\"section\">\n<div class=\"layoutArea\">\n<div class=\"column\">\n<p>17.00 Inauguracja II Zjazdu KOP, Dom Polonii, Rynek G\u0142o\u0301wny 14<\/p>\n<p>Wysta\u0328pienia:<\/p>\n<ul>\n<li>Jacek Jurkowski &#8211; Prezydenta KOP,<\/li>\n<li>Prof. Zygmunt Kolenda &#8211; <span class=\"style_2\">Przewodnicz\u0105cy Oddzia\u0142u Krakowskiego Stowarzyszenia \u201eWsp\u00f3lnota Polska\u201d, Krak\u00f3w,<\/span><\/li>\n<li>dr hab. Piotr Horbatowski &#8211; Dyrektor Centrum Je\u0328zyka i Kultury Polskiej w S\u0301wiecie UJ,<\/li>\n<li>&#8230;<\/li>\n<li>Prof. dr hab. W\u0142adys\u0142aw T. Miodunka,<\/li>\n<li>Prof. dr hab. Dorota Prasza\u0142owicz,<\/li>\n<li>Piotr Bonis\u0142awski Stowarzyszenie Wsp\u00f3lnota Polska.<\/li>\n<\/ul>\n<p><em>Prowadzenie Tomasz Karawajczyk Sekretarz KOP<\/em><\/p>\n<p>Spotkanie inauguracyjne przedstawicieli KOP z zaproszonymi gos\u0301c\u0301mi.<\/p>\n<p>19.00 Kolacja Dom Polonii<\/p>\n<\/div>\n<\/div>\n<\/div>\n<\/div>\n<h4><strong>Sobota Sesje KOP<\/strong><\/h4>\n<ul>\n<li>Otwarcie &#8211; Jacek Jurkowski<\/li>\n<li>Wyb\u00f3r przewodnicz\u0105cego i protokolant\u00f3w<\/li>\n<li>Wybory komisji mandatowo skrutacyjnej i wnioskowej uchwa\u0142<\/li>\n<li>Zatwierdzenie porz\u0105dku obrad<\/li>\n<li>Sprawozdanie KOP za minion\u0105 kadencj\u0119<\/li>\n<li>Sprawozdanie Komisji Rewizyjnej &#8211; Anna Dunajewski<\/li>\n<li>Cz\u0119\u015b\u0107 wyborcza &#8211; wyb\u00f3r nowych w\u0142adz<\/li>\n<li>Przyj\u0119cie wniosk\u00f3w i uchwa\u0142<\/li>\n<li>Zamkni\u0119cie obrad<\/li>\n<\/ul>\n<p>Spektakl teatralny \u201ePyza na polskich dro\u0301z\u0307kach\u201d w Teatrze Ludowym<\/p>\n<h4><strong>Niedziela Warsztaty<\/strong><\/h4>\n<p>6.30 &#8211; 7.30 s\u0301niadanie restauracja \u201eEden\u201d, ul. Bydgoska 19a<\/p>\n<p>8.00 Bazylika Mariacka, Msza S\u0301wie\u0328ta<\/p>\n<p>9.00 Zaje\u0328cia warsztatowe \u201cNauczyciel polonijny wobec wspo\u0301\u0142czesnych wyzwan\u0301 edukacyjnych\u201d<\/p>\n<p>dr A. Rabiej i dr hab. I. Janowska<\/p>\n<p>MODU\u0141 PSYCHOLOGICZNY, PRZEDMIOTOWY<\/p>\n<ul>\n<li>Podstawy psychologiczne dydaktyki wieloje\u0328zycznos\u0301ci;<\/li>\n<li>Metodyka nauczania podsystemo\u0301w je\u0328zyka; kszta\u0142cenie i rozwijanie kompetencji fonologicznej i leksykalnej ucznio\u0301w;<\/li>\n<li>Metodyka nauczania sprawnos\u0301ci je\u0328zykowych: kszta\u0142cenie i rozwijanie je\u0328zykowych dzia\u0142an\u0301 receptywnych oraz diagnoza stopnia ich opanowana przez ucznio\u0301w;<\/li>\n<li>Metodyka nauczania sprawnos\u0301ci je\u0328zykowych: kszta\u0142cenie i rozwijanie kompetencji gramatycznej ucznio\u0301w; rozwijanie<br \/>\ndzia\u0142an\u0301 produktywnych, interakcyjnych i mediacyjnych oraz diagnoza stopnia ich opanowania przez ucznio\u0301w.<\/li>\n<\/ul>\n<p>MODU\u0141 DYDAKTYCZNO-PRZEDMIOTOWY<\/p>\n<ul>\n<li>Metodyka nauczania sprawnos\u0301ci je\u0328zykowych: kszta\u0142cenia i rozwijanie dzia\u0142an\u0301 produktywnych, interakcyjnych i mediacyjnych oraz diagnoza stopnia ich opanowanie przez ucznio\u0301w;<\/li>\n<li>Metodyka nauczania podsystemo\u0301w je\u0328zyka: kszta\u0142cenia i rozwijanie kompetencji gramatycznej ucznio\u0301w;<\/li>\n<\/ul>\n<h4><strong>Poniedzia\u0142ek Warsztaty<\/strong><\/h4>\n<div class=\"page\" title=\"Page 2\">\n<div class=\"section\">\n<div class=\"layoutArea\">\n<div class=\"column\">\n<p>7.00 &#8211; 8.00 s\u0301niadanie restauracja \u201eEden\u201d, ul. Bydgoska 19a<\/p>\n<p>9.00 Zaje\u0328cia warsztatowe \u201cNauczyciel polonijny wobec wspo\u0301\u0142czesnych wyzwan\u0301 edukacyjnych\u201d<\/p>\n<p>dr A. Rabiej, dr hab. I. Janowska, dr P. Rabiej, dr J. Tatara<\/p>\n<p>MODU\u0141 PRZEDMIOTOWY<\/p>\n<ul>\n<li>Polska po 1989 r. \u2013 ustro\u0301j, historia polityczna, gospodarcza i spo\u0142eczna;<\/li>\n<li>Nowe formy i techniki nauczania historii: muzea, gry edukacyjne, gry terenowe;<\/li>\n<li>Z\u0307o\u0142nierze wykle\u0328ci: zbrojne podziemie antykomunistyczne w Polsce po 1945r. &#8211; zarys dziejo\u0301w i przywracanie pamie\u0328ci;<\/li>\n<\/ul>\n<p>MODU\u0141 MENADZ\u0307ERSKI<\/p>\n<ul>\n<li>Tworzenie nowych szko\u0301\u0142 za granica\u0328 (procedury i warunki; statut szko\u0142y);<\/li>\n<li>Zarza\u0328dzanie szko\u0142a\u0328 (regulamin rady pedagogicznej, regulamin nauczyciela, plan finansowy na rok szkolny, s\u0301wiadectwa);<\/li>\n<li>Organizacja roku szkolnego (grafik uroczystos\u0301ci szkolnych, przydzia\u0142 nauczycieli do prowadzenia klas);<\/li>\n<li>Zasady dokszta\u0142cania nauczycieli za granica\u0328 (system kredyto\u0301w);<\/li>\n<\/ul>\n<p>KONSULTACJE DLA NAUCZYCIELI<\/p>\n<ul>\n<li>Indywidualne konsultacje metodyczno- przedmiotowe<\/li>\n<li>Oficjalne zakon\u0301czenie II Zjazdu KOP<\/li>\n<\/ul>\n<\/div>\n<\/div>\n<\/div>\n<\/div>\n","protected":false},"excerpt":{"rendered":"<p>II Zjazd KOP 17-19.07.2015 Uczestnicy Kongresu O\u015bwiaty Polonijnej korzystali z go\u015bcinno\u015bci Centrum J\u0119zyka i Kultury Polskiej w \u015awiecie Uniwersytetu Jagiello\u0144skiego, kt\u00f3ry zapewni\u0142 nam zakwaterowanie i wy\u017cywienie. W kosztach wy\u017cywienia partycypowa\u0142o r\u00f3wnie\u017c Stowarzyszenie Wsp\u00f3lnota Polska Warszawa. Inauguracja i sesje KOP odbywa\u0142y si\u0119 Domu Polonii w Krakowie dzi\u0119ki go\u015bcinno\u015bci Stowarzyszenia Wsp\u00f3lnota Polska Oddzia\u0142 Krakowski. Pi\u0105tek Inauguracja 17.00 [&hellip;]<\/p>\n","protected":false},"author":1,"featured_media":0,"parent":0,"menu_order":2,"comment_status":"closed","ping_status":"closed","template":"","meta":{"footnotes":""},"class_list":["post-1007","page","type-page","status-publish","hentry"],"_links":{"self":[{"href":"https:\/\/www.kop-info.org\/index.php?rest_route=\/wp\/v2\/pages\/1007"}],"collection":[{"href":"https:\/\/www.kop-info.org\/index.php?rest_route=\/wp\/v2\/pages"}],"about":[{"href":"https:\/\/www.kop-info.org\/index.php?rest_route=\/wp\/v2\/types\/page"}],"author":[{"embeddable":true,"href":"https:\/\/www.kop-info.org\/index.php?rest_route=\/wp\/v2\/users\/1"}],"replies":[{"embeddable":true,"href":"https:\/\/www.kop-info.org\/index.php?rest_route=%2Fwp%2Fv2%2Fcomments&post=1007"}],"version-history":[{"count":0,"href":"https:\/\/www.kop-info.org\/index.php?rest_route=\/wp\/v2\/pages\/1007\/revisions"}],"wp:attachment":[{"href":"https:\/\/www.kop-info.org\/index.php?rest_route=%2Fwp%2Fv2%2Fmedia&parent=1007"}],"curies":[{"name":"wp","href":"https:\/\/api.w.org\/{rel}","templated":true}]}}